{"id":2948,"date":"2022-08-22T15:34:55","date_gmt":"2022-08-22T13:34:55","guid":{"rendered":"http:\/\/wordpress-gfp-relaunch.p703510.webspaceconfig.de\/contact\/"},"modified":"2026-03-30T10:31:32","modified_gmt":"2026-03-30T08:31:32","slug":"contact","status":"publish","type":"page","link":"https:\/\/frupo.de\/en\/contact\/","title":{"rendered":"Contact"},"content":{"rendered":"<p><div class=\"fusion-fullwidth fullwidth-box fusion-builder-row-1 fusion-flex-container nonhundred-percent-fullwidth non-hundred-percent-height-scrolling\" style=\"--awb-border-radius-top-left:0px;--awb-border-radius-top-right:0px;--awb-border-radius-bottom-right:0px;--awb-border-radius-bottom-left:0px;--awb-padding-top:20px;--awb-padding-bottom:20px;--awb-flex-wrap:wrap;\" ><div class=\"fusion-builder-row fusion-row fusion-flex-align-items-flex-start fusion-flex-justify-content-center fusion-flex-content-wrap\" style=\"max-width:1248px;margin-left: calc(-4% \/ 2 );margin-right: calc(-4% \/ 2 );\"><div class=\"fusion-layout-column fusion_builder_column fusion-builder-column-0 fusion_builder_column_1_1 1_1 fusion-flex-column fusion-no-small-visibility\" style=\"--awb-bg-size:cover;--awb-width-large:100%;--awb-margin-top-large:0px;--awb-spacing-right-large:1.92%;--awb-margin-bottom-large:0px;--awb-spacing-left-large:1.92%;--awb-width-medium:100%;--awb-order-medium:0;--awb-spacing-right-medium:1.92%;--awb-spacing-left-medium:1.92%;--awb-width-small:100%;--awb-order-small:0;--awb-spacing-right-small:1.92%;--awb-spacing-left-small:1.92%;\"><div class=\"fusion-column-wrapper fusion-column-has-shadow fusion-flex-justify-content-flex-start fusion-content-layout-column\"><div class=\"fusion-image-element \" style=\"text-align:center;--awb-caption-title-font-family:var(--h2_typography-font-family);--awb-caption-title-font-weight:var(--h2_typography-font-weight);--awb-caption-title-font-style:var(--h2_typography-font-style);--awb-caption-title-size:var(--h2_typography-font-size);--awb-caption-title-transform:var(--h2_typography-text-transform);--awb-caption-title-line-height:var(--h2_typography-line-height);--awb-caption-title-letter-spacing:var(--h2_typography-letter-spacing);\"><span class=\" fusion-imageframe imageframe-none imageframe-1 hover-type-none\"><img decoding=\"async\" width=\"1800\" height=\"891\" alt=\"Experten f\u00fcr den Import von S\u00fcdfr\u00fcchten\" title=\"GFP_Kontakt\" src=\"https:\/\/frupo.de\/wp-content\/uploads\/GFP_Kontakt.jpg\" class=\"img-responsive wp-image-1920\" srcset=\"https:\/\/frupo.de\/wp-content\/uploads\/GFP_Kontakt-200x99.jpg 200w, https:\/\/frupo.de\/wp-content\/uploads\/GFP_Kontakt-400x198.jpg 400w, https:\/\/frupo.de\/wp-content\/uploads\/GFP_Kontakt-600x297.jpg 600w, https:\/\/frupo.de\/wp-content\/uploads\/GFP_Kontakt-800x396.jpg 800w, https:\/\/frupo.de\/wp-content\/uploads\/GFP_Kontakt-1200x594.jpg 1200w, https:\/\/frupo.de\/wp-content\/uploads\/GFP_Kontakt.jpg 1800w\" sizes=\"(max-width: 750px) 100vw, 1200px\" \/><\/span><\/div><\/div><\/div><div class=\"fusion-layout-column fusion_builder_column fusion-builder-column-1 fusion_builder_column_1_1 1_1 fusion-flex-column fusion-no-medium-visibility fusion-no-large-visibility\" style=\"--awb-bg-size:cover;--awb-width-large:100%;--awb-margin-top-large:0px;--awb-spacing-right-large:1.92%;--awb-margin-bottom-large:0px;--awb-spacing-left-large:1.92%;--awb-width-medium:100%;--awb-order-medium:0;--awb-spacing-right-medium:1.92%;--awb-spacing-left-medium:1.92%;--awb-width-small:100%;--awb-order-small:0;--awb-spacing-right-small:1.92%;--awb-spacing-left-small:1.92%;\"><div class=\"fusion-column-wrapper fusion-column-has-shadow fusion-flex-justify-content-flex-start fusion-content-layout-column\"><div class=\"fusion-image-element \" style=\"text-align:center;--awb-caption-title-font-family:var(--h2_typography-font-family);--awb-caption-title-font-weight:var(--h2_typography-font-weight);--awb-caption-title-font-style:var(--h2_typography-font-style);--awb-caption-title-size:var(--h2_typography-font-size);--awb-caption-title-transform:var(--h2_typography-text-transform);--awb-caption-title-line-height:var(--h2_typography-line-height);--awb-caption-title-letter-spacing:var(--h2_typography-letter-spacing);\"><span class=\" fusion-imageframe imageframe-none imageframe-2 hover-type-none\"><img decoding=\"async\" width=\"2211\" height=\"1650\" alt=\"Experten f\u00fcr den Import von S\u00fcdfr\u00fcchten\" title=\"13_GFP_Kontakt_mobile\" src=\"https:\/\/frupo.de\/wp-content\/uploads\/13_GFP_Kontakt_mobile.webp\" class=\"img-responsive wp-image-3091\" srcset=\"https:\/\/frupo.de\/wp-content\/uploads\/13_GFP_Kontakt_mobile-200x149.webp 200w, https:\/\/frupo.de\/wp-content\/uploads\/13_GFP_Kontakt_mobile-300x224.webp 300w, https:\/\/frupo.de\/wp-content\/uploads\/13_GFP_Kontakt_mobile-400x299.webp 400w, https:\/\/frupo.de\/wp-content\/uploads\/13_GFP_Kontakt_mobile-600x448.webp 600w, https:\/\/frupo.de\/wp-content\/uploads\/13_GFP_Kontakt_mobile-768x573.webp 768w, https:\/\/frupo.de\/wp-content\/uploads\/13_GFP_Kontakt_mobile-800x597.webp 800w, https:\/\/frupo.de\/wp-content\/uploads\/13_GFP_Kontakt_mobile-1024x764.webp 1024w, https:\/\/frupo.de\/wp-content\/uploads\/13_GFP_Kontakt_mobile-1200x896.webp 1200w, https:\/\/frupo.de\/wp-content\/uploads\/13_GFP_Kontakt_mobile-1536x1146.webp 1536w, https:\/\/frupo.de\/wp-content\/uploads\/13_GFP_Kontakt_mobile.webp 2211w\" sizes=\"(max-width: 750px) 100vw, 1200px\" \/><\/span><\/div><\/div><\/div><\/div><\/div><div class=\"fusion-fullwidth fullwidth-box fusion-builder-row-2 fusion-flex-container nonhundred-percent-fullwidth non-hundred-percent-height-scrolling\" style=\"--awb-border-radius-top-left:0px;--awb-border-radius-top-right:0px;--awb-border-radius-bottom-right:0px;--awb-border-radius-bottom-left:0px;--awb-padding-top:60px;--awb-padding-right:140px;--awb-padding-bottom:109.99200000000002px;--awb-padding-left:140px;--awb-padding-right-medium:30px;--awb-padding-left-medium:30px;--awb-padding-right-small:0px;--awb-padding-left-small:0px;--awb-flex-wrap:wrap;\" ><div class=\"fusion-builder-row fusion-row fusion-flex-align-items-flex-start fusion-flex-justify-content-center fusion-flex-content-wrap\" style=\"max-width:1248px;margin-left: calc(-4% \/ 2 );margin-right: calc(-4% \/ 2 );\"><div class=\"fusion-layout-column fusion_builder_column fusion-builder-column-2 fusion_builder_column_1_1 1_1 fusion-flex-column\" style=\"--awb-bg-size:cover;--awb-width-large:100%;--awb-margin-top-large:0px;--awb-spacing-right-large:1.92%;--awb-margin-bottom-large:0px;--awb-spacing-left-large:1.92%;--awb-width-medium:100%;--awb-order-medium:0;--awb-spacing-right-medium:1.92%;--awb-spacing-left-medium:1.92%;--awb-width-small:100%;--awb-order-small:0;--awb-spacing-right-small:1.92%;--awb-spacing-left-small:1.92%;\"><div class=\"fusion-column-wrapper fusion-column-has-shadow fusion-flex-justify-content-flex-start fusion-content-layout-column\"><div class=\"fusion-title title fusion-title-1 fusion-sep-none fusion-title-text fusion-title-size-one\" style=\"--awb-margin-bottom:5px;\"><h1 class=\"fusion-title-heading title-heading-left\" style=\"margin:0;text-transform:uppercase;\"><\/h1><\/div><div class=\"fusion-title title fusion-title-2 fusion-sep-none fusion-title-text fusion-title-size-one\" style=\"--awb-margin-top:0px;--awb-margin-bottom:30px;\"><h1 class=\"fusion-title-heading title-heading-left\" style=\"margin:0;\">Interested in our products?<\/h1><\/div><div class=\"fusion-text fusion-text-1\" style=\"--awb-text-transform:none;--awb-margin-left:100px;\"><p data-start=\"56\" data-end=\"322\">Our office is located in Buxtehude, and from there we supply the entire European market.<br data-start=\"144\" data-end=\"147\">A team of experienced and dedicated experts in the import of exotic fruits will be happy to advise you.<br data-start=\"250\" data-end=\"253\">Please feel free to contact us \u2013 we look forward to hearing from you.<\/p>\n<\/p>\n<p data-start=\"324\" data-end=\"351\">The Global Fruit Point Team<\/p>\n<\/p>\n<p data-start=\"353\" data-end=\"371\"><strong data-start=\"353\" data-end=\"371\"><b>WE HAVE MOVED:<\/b><br \/>\n<\/strong><\/p>\n<\/p>\n<p data-start=\"373\" data-end=\"442\">Global Fruit Point GmbH<br data-start=\"396\" data-end=\"399\"><b>Bahnhofstra\u00dfe 16 &#8211; 18<\/b><br data-start=\"420\" data-end=\"423\">D-21614 Buxtehude<\/p>\n<\/p>\n<p data-start=\"444\" data-end=\"494\">Tel: +49-4161\u201374 888-0<br data-start=\"466\" data-end=\"469\">Fax: +49-4161\u201374 888-55<\/p>\n<\/p>\n<p data-start=\"496\" data-end=\"518\">Email: <a class=\"decorated-link cursor-pointer\" rel=\"noopener\" data-start=\"503\" data-end=\"516\">info@frupo.de<\/a><\/p>\n<\/p>\n<p data-start=\"353\" data-end=\"371\"><strong data-start=\"353\" data-end=\"371\"> <\/strong><\/p>\n<\/div><\/div><\/div><\/div><\/div><div class=\"fusion-fullwidth fullwidth-box fusion-builder-row-3 fusion-flex-container nonhundred-percent-fullwidth non-hundred-percent-height-scrolling\" style=\"--awb-border-radius-top-left:0px;--awb-border-radius-top-right:0px;--awb-border-radius-bottom-right:0px;--awb-border-radius-bottom-left:0px;--awb-padding-top:60px;--awb-padding-right:140px;--awb-padding-bottom:287px;--awb-padding-left:240px;--awb-padding-right-medium:30px;--awb-padding-left-medium:30px;--awb-padding-right-small:115px;--awb-padding-left-small:98px;--awb-flex-wrap:wrap;\" ><div class=\"fusion-builder-row fusion-row fusion-flex-align-items-flex-start fusion-flex-justify-content-center fusion-flex-content-wrap\" style=\"max-width:calc( 1200px + 20px );margin-left: calc(-20px \/ 2 );margin-right: calc(-20px \/ 2 );\"><div class=\"fusion-layout-column fusion_builder_column fusion-builder-column-3 fusion_builder_column_1_3 1_3 fusion-flex-column\" style=\"--awb-bg-size:cover;--awb-width-large:33.333333333333%;--awb-margin-top-large:0px;--awb-spacing-right-large:12px;--awb-margin-bottom-large:20px;--awb-spacing-left-large:10px;--awb-width-medium:33.333333333333%;--awb-order-medium:0;--awb-spacing-right-medium:12px;--awb-spacing-left-medium:10px;--awb-width-small:100%;--awb-order-small:0;--awb-spacing-right-small:10px;--awb-spacing-left-small:10px;\"><div class=\"fusion-column-wrapper fusion-column-has-shadow fusion-flex-justify-content-flex-start fusion-content-layout-column\"><div class=\"fusion-image-element \" style=\"--awb-caption-title-font-family:var(--h2_typography-font-family);--awb-caption-title-font-weight:var(--h2_typography-font-weight);--awb-caption-title-font-style:var(--h2_typography-font-style);--awb-caption-title-size:var(--h2_typography-font-size);--awb-caption-title-transform:var(--h2_typography-text-transform);--awb-caption-title-line-height:var(--h2_typography-line-height);--awb-caption-title-letter-spacing:var(--h2_typography-letter-spacing);\"><span class=\" fusion-imageframe imageframe-none imageframe-3 hover-type-none\"><img decoding=\"async\" width=\"1000\" height=\"1000\" alt=\"Wir sind Ihre Experten f\u00fcr den Import von S\u00fcdfr\u00fcchten \u2013 f\u00fcr den gesamten europ\u00e4ischen Markt\" title=\"GFP, Portrait, Buxtehude\" src=\"https:\/\/frupo.de\/wp-content\/uploads\/Snippet_Blog_Kontakt.jpg\" class=\"img-responsive wp-image-4327\" srcset=\"https:\/\/frupo.de\/wp-content\/uploads\/Snippet_Blog_Kontakt-200x200.jpg 200w, https:\/\/frupo.de\/wp-content\/uploads\/Snippet_Blog_Kontakt-400x400.jpg 400w, https:\/\/frupo.de\/wp-content\/uploads\/Snippet_Blog_Kontakt-600x600.jpg 600w, https:\/\/frupo.de\/wp-content\/uploads\/Snippet_Blog_Kontakt-800x800.jpg 800w, https:\/\/frupo.de\/wp-content\/uploads\/Snippet_Blog_Kontakt.jpg 1000w\" sizes=\"(max-width: 750px) 100vw, 400px\" \/><\/span><\/div><div class=\"fusion-title title fusion-title-3 fusion-sep-none fusion-title-text fusion-title-size-three\"><h3 class=\"fusion-title-heading title-heading-left\" style=\"margin:0;\"><h1 class=\"fusion-title-heading title-heading-left\">Ihre Experten f\u00fcr den Import von S\u00fcdfr\u00fcchten<\/h1>\n<p><\/h3><\/div><div class=\"fusion-text fusion-text-2\" style=\"--awb-text-transform:none;\"><p data-fusion-font=\"true\">Wir sind Global Fruit Point \u2013 ein engagiertes, international aufgestelltes Team mit einer gemeinsamen Leidenschaft f\u00fcr frisches Obst und Gem\u00fcse. Effektiv, erfahren und mit dem klaren Anspruch, dem europ\u00e4ischen Markt beste Fruchtqualit\u00e4t aus \u00dcbersee zu liefern. <span style=\"background-color: rgba(0, 0, 0, 0);\">Uns verbindet alle die Leidenschaft f\u00fcr frisches Obst und Gem\u00fcse \u2013 und ein klarer Anspruch an Qualit\u00e4t, Fairness und Verl\u00e4sslichkeit. Wir arbeiten schnell, l\u00f6sungsorientiert &#8230;<br \/>\n<\/span><a style=\"background-color: rgba(0, 0, 0, 0);\" href=\"http:\/\/www.frupo.de\/about\"><em>mehr lesen<\/em><\/a><\/p>\n<\/div><\/div><\/div><div class=\"fusion-layout-column fusion_builder_column fusion-builder-column-4 fusion_builder_column_1_3 1_3 fusion-flex-column\" style=\"--awb-padding-bottom:20px;--awb-bg-size:cover;--awb-width-large:33.333333333333%;--awb-margin-top-large:0px;--awb-spacing-right-large:12px;--awb-margin-bottom-large:0px;--awb-spacing-left-large:10px;--awb-width-medium:33.333333333333%;--awb-order-medium:0;--awb-spacing-right-medium:12px;--awb-spacing-left-medium:10px;--awb-width-small:100%;--awb-order-small:0;--awb-spacing-right-small:10px;--awb-spacing-left-small:10px;\"><div class=\"fusion-column-wrapper fusion-column-has-shadow fusion-flex-justify-content-flex-start fusion-content-layout-column\"><div class=\"fusion-image-element \" style=\"--awb-caption-title-font-family:var(--h2_typography-font-family);--awb-caption-title-font-weight:var(--h2_typography-font-weight);--awb-caption-title-font-style:var(--h2_typography-font-style);--awb-caption-title-size:var(--h2_typography-font-size);--awb-caption-title-transform:var(--h2_typography-text-transform);--awb-caption-title-line-height:var(--h2_typography-line-height);--awb-caption-title-letter-spacing:var(--h2_typography-letter-spacing);\"><span class=\" fusion-imageframe imageframe-none imageframe-4 hover-type-none\"><img decoding=\"async\" width=\"1000\" height=\"1000\" alt=\"Unser Angebot an importierten S\u00fcdfr\u00fcchten ist einmalig\" title=\"GFP_Angebot\" src=\"https:\/\/frupo.de\/wp-content\/uploads\/GFP_Angebot-1.jpg\" class=\"img-responsive wp-image-4320\" srcset=\"https:\/\/frupo.de\/wp-content\/uploads\/GFP_Angebot-1-200x200.jpg 200w, https:\/\/frupo.de\/wp-content\/uploads\/GFP_Angebot-1-400x400.jpg 400w, https:\/\/frupo.de\/wp-content\/uploads\/GFP_Angebot-1-600x600.jpg 600w, https:\/\/frupo.de\/wp-content\/uploads\/GFP_Angebot-1-800x800.jpg 800w, https:\/\/frupo.de\/wp-content\/uploads\/GFP_Angebot-1.jpg 1000w\" sizes=\"(max-width: 750px) 100vw, 400px\" \/><\/span><\/div><div class=\"fusion-title title fusion-title-4 fusion-sep-none fusion-title-text fusion-title-size-three\"><h3 class=\"fusion-title-heading title-heading-left\" style=\"margin:0;\"><h1 class=\"fusion-title-heading title-heading-left\">Unser Sortiment an Obst und Gem\u00fcse aus \u00dcbersee<\/h1>\n<p><\/h3><\/div><div class=\"fusion-text fusion-text-3\" style=\"--awb-text-transform:none;\"><p>In unserem Sortiment finden Sie eine gro\u00dfe Auswahl an S\u00fcdfr\u00fcchten. Klassischen und exotische Fruchtsorten \u2013 von saftigen Trauben und aromatischen Beeren bis hin zu sonnengereiften Steinfr\u00fcchten, knackigen \u00c4pfeln und Zitrusfr\u00fcchten. Ob <b>konventionell angebaut<\/b>oder aus kontrolliert <b>biologischem Anbau<\/b> \u2013 mit unserem praktischen Filter k\u00f6nnen Sie gezielt nach Produkttyp, Sorte, Herkunftsland oder Anbauform suchen und sich schnell einen umfassenden \u00dcberblick verschaffen. <a href=\"https:\/\/frupo.de\/unser-angebot\/\"><em>mehr erfahren<\/em><\/a><\/p>\n<\/div><\/div><\/div><div class=\"fusion-layout-column fusion_builder_column fusion-builder-column-5 fusion_builder_column_1_3 1_3 fusion-flex-column\" style=\"--awb-padding-bottom:20px;--awb-bg-size:cover;--awb-width-large:33.333333333333%;--awb-margin-top-large:0px;--awb-spacing-right-large:10px;--awb-margin-bottom-large:0px;--awb-spacing-left-large:12px;--awb-width-medium:33.333333333333%;--awb-order-medium:0;--awb-spacing-right-medium:10px;--awb-spacing-left-medium:12px;--awb-width-small:100%;--awb-order-small:0;--awb-spacing-right-small:10px;--awb-spacing-left-small:10px;\"><div class=\"fusion-column-wrapper fusion-column-has-shadow fusion-flex-justify-content-flex-start fusion-content-layout-column\"><div class=\"fusion-image-element \" style=\"--awb-caption-title-font-family:var(--h2_typography-font-family);--awb-caption-title-font-weight:var(--h2_typography-font-weight);--awb-caption-title-font-style:var(--h2_typography-font-style);--awb-caption-title-size:var(--h2_typography-font-size);--awb-caption-title-transform:var(--h2_typography-text-transform);--awb-caption-title-line-height:var(--h2_typography-line-height);--awb-caption-title-letter-spacing:var(--h2_typography-letter-spacing);\"><span class=\" fusion-imageframe imageframe-none imageframe-5 hover-type-none\"><img decoding=\"async\" width=\"1000\" height=\"1000\" alt=\"Jobangebote bei den Experten f\u00fcr den Import von S\u00fcdfr\u00fcchten\" title=\"GFP_Jobs_Ausbildung_Teaser\" src=\"https:\/\/frupo.de\/wp-content\/uploads\/GFP_Jobs_Ausbildung_Teaser.webp\" class=\"img-responsive wp-image-3033\" srcset=\"https:\/\/frupo.de\/wp-content\/uploads\/GFP_Jobs_Ausbildung_Teaser-66x66.webp 66w, https:\/\/frupo.de\/wp-content\/uploads\/GFP_Jobs_Ausbildung_Teaser-150x150.webp 150w, https:\/\/frupo.de\/wp-content\/uploads\/GFP_Jobs_Ausbildung_Teaser-200x200.webp 200w, https:\/\/frupo.de\/wp-content\/uploads\/GFP_Jobs_Ausbildung_Teaser-300x300.webp 300w, https:\/\/frupo.de\/wp-content\/uploads\/GFP_Jobs_Ausbildung_Teaser-400x400.webp 400w, https:\/\/frupo.de\/wp-content\/uploads\/GFP_Jobs_Ausbildung_Teaser-600x600.webp 600w, https:\/\/frupo.de\/wp-content\/uploads\/GFP_Jobs_Ausbildung_Teaser-768x768.webp 768w, https:\/\/frupo.de\/wp-content\/uploads\/GFP_Jobs_Ausbildung_Teaser-800x800.webp 800w, https:\/\/frupo.de\/wp-content\/uploads\/GFP_Jobs_Ausbildung_Teaser.webp 1000w\" sizes=\"(max-width: 750px) 100vw, 400px\" \/><\/span><\/div><div class=\"fusion-title title fusion-title-5 fusion-sep-none fusion-title-text fusion-title-size-three\"><h3 class=\"fusion-title-heading title-heading-left\" style=\"margin:0;\"><h1 class=\"fusion-title-heading title-heading-left\">Ausbildung zum Kaufmann und zur Kauffrau im Gro\u00df- und Au\u00dfenhandel<\/h1>\n<p><\/h3><\/div><div class=\"fusion-text fusion-text-4\" style=\"--awb-text-transform:none;\"><p>Du suchst eine Ausbildung, die dir echte Perspektiven bietet? Die dich fordert, f\u00f6rdert \u2013 und bei der du schnell Verantwortung \u00fcbernehmen kannst? Und das in einem internationalen Umfeld, das alles andere als langweilig ist? Wo Obst nicht nur gesund, sondern auch internationaler Handelsstoff ist? Werde bei uns zum Experten f\u00fcr den Import von S\u00fcdfr\u00fcchten.<br \/>\n<a href=\"http:\/\/www.frupo.de\/jobs\"><em>ich will mehr wissen<\/em><\/a><\/p>\n<\/div><\/div><\/div><\/div><\/div><\/p>\n","protected":false},"excerpt":{"rendered":"","protected":false},"author":2,"featured_media":3091,"parent":0,"menu_order":0,"comment_status":"closed","ping_status":"closed","template":"","meta":{"_acf_changed":false,"footnotes":""},"class_list":["post-2948","page","type-page","status-publish","has-post-thumbnail","hentry"],"acf":[],"yoast_head":"<!-- This site is optimized with the Yoast SEO plugin v27.0 - https:\/\/yoast.com\/product\/yoast-seo-wordpress\/ -->\n<title>Contact - Global Fruit Point<\/title>\n<meta name=\"description\" content=\"Would you like to work with experts in the import of tropical fruits? We look forward to hearing from you.\" \/>\n<meta name=\"robots\" content=\"index, follow, max-snippet:-1, max-image-preview:large, max-video-preview:-1\" \/>\n<link rel=\"canonical\" href=\"https:\/\/frupo.de\/en\/contact\/\" \/>\n<meta property=\"og:locale\" content=\"en_US\" \/>\n<meta property=\"og:type\" content=\"article\" \/>\n<meta property=\"og:title\" content=\"Contact - Global Fruit Point\" \/>\n<meta property=\"og:description\" content=\"Would you like to work with experts in the import of tropical fruits? We look forward to hearing from you.\" \/>\n<meta property=\"og:url\" content=\"https:\/\/frupo.de\/en\/contact\/\" \/>\n<meta property=\"og:site_name\" content=\"Global Fruit Point\" \/>\n<meta property=\"article:modified_time\" content=\"2026-03-30T08:31:32+00:00\" \/>\n<meta property=\"og:image\" content=\"https:\/\/frupo.de\/wp-content\/uploads\/13_GFP_Kontakt_mobile.webp\" \/>\n\t<meta property=\"og:image:width\" content=\"2211\" \/>\n\t<meta property=\"og:image:height\" content=\"1650\" \/>\n\t<meta property=\"og:image:type\" content=\"image\/webp\" \/>\n<meta name=\"twitter:card\" content=\"summary_large_image\" \/>\n<meta name=\"twitter:label1\" content=\"Est. reading time\" \/>\n\t<meta name=\"twitter:data1\" content=\"1 minute\" \/>\n<script type=\"application\/ld+json\" class=\"yoast-schema-graph\">{\"@context\":\"https:\/\/schema.org\",\"@graph\":[{\"@type\":\"WebPage\",\"@id\":\"https:\/\/frupo.de\/en\/contact\/\",\"url\":\"https:\/\/frupo.de\/en\/contact\/\",\"name\":\"Contact - Global Fruit Point\",\"isPartOf\":{\"@id\":\"https:\/\/frupo.de\/en\/#website\"},\"primaryImageOfPage\":{\"@id\":\"https:\/\/frupo.de\/en\/contact\/#primaryimage\"},\"image\":{\"@id\":\"https:\/\/frupo.de\/en\/contact\/#primaryimage\"},\"thumbnailUrl\":\"https:\/\/frupo.de\/wp-content\/uploads\/13_GFP_Kontakt_mobile.webp\",\"datePublished\":\"2022-08-22T13:34:55+00:00\",\"dateModified\":\"2026-03-30T08:31:32+00:00\",\"description\":\"Would you like to work with experts in the import of tropical fruits? We look forward to hearing from you.\",\"breadcrumb\":{\"@id\":\"https:\/\/frupo.de\/en\/contact\/#breadcrumb\"},\"inLanguage\":\"en-US\",\"potentialAction\":[{\"@type\":\"ReadAction\",\"target\":[\"https:\/\/frupo.de\/en\/contact\/\"]}]},{\"@type\":\"ImageObject\",\"inLanguage\":\"en-US\",\"@id\":\"https:\/\/frupo.de\/en\/contact\/#primaryimage\",\"url\":\"https:\/\/frupo.de\/wp-content\/uploads\/13_GFP_Kontakt_mobile.webp\",\"contentUrl\":\"https:\/\/frupo.de\/wp-content\/uploads\/13_GFP_Kontakt_mobile.webp\",\"width\":2211,\"height\":1650,\"caption\":\"Hier sehen sie einen Experten f\u00fcr den Import von S\u00fcdfr\u00fcchten\"},{\"@type\":\"BreadcrumbList\",\"@id\":\"https:\/\/frupo.de\/en\/contact\/#breadcrumb\",\"itemListElement\":[{\"@type\":\"ListItem\",\"position\":1,\"name\":\"Startseite\",\"item\":\"https:\/\/frupo.de\/en\/\"},{\"@type\":\"ListItem\",\"position\":2,\"name\":\"Contact\"}]},{\"@type\":\"WebSite\",\"@id\":\"https:\/\/frupo.de\/en\/#website\",\"url\":\"https:\/\/frupo.de\/en\/\",\"name\":\"Global Fruit Point\",\"description\":\"Passion for Fruit\",\"potentialAction\":[{\"@type\":\"SearchAction\",\"target\":{\"@type\":\"EntryPoint\",\"urlTemplate\":\"https:\/\/frupo.de\/en\/?s={search_term_string}\"},\"query-input\":{\"@type\":\"PropertyValueSpecification\",\"valueRequired\":true,\"valueName\":\"search_term_string\"}}],\"inLanguage\":\"en-US\"}]}<\/script>\n<!-- \/ Yoast SEO plugin. -->","yoast_head_json":{"title":"Contact - Global Fruit Point","description":"Would you like to work with experts in the import of tropical fruits? We look forward to hearing from you.","robots":{"index":"index","follow":"follow","max-snippet":"max-snippet:-1","max-image-preview":"max-image-preview:large","max-video-preview":"max-video-preview:-1"},"canonical":"https:\/\/frupo.de\/en\/contact\/","og_locale":"en_US","og_type":"article","og_title":"Contact - Global Fruit Point","og_description":"Would you like to work with experts in the import of tropical fruits? We look forward to hearing from you.","og_url":"https:\/\/frupo.de\/en\/contact\/","og_site_name":"Global Fruit Point","article_modified_time":"2026-03-30T08:31:32+00:00","og_image":[{"width":2211,"height":1650,"url":"https:\/\/frupo.de\/wp-content\/uploads\/13_GFP_Kontakt_mobile.webp","type":"image\/webp"}],"twitter_card":"summary_large_image","twitter_misc":{"Est. reading time":"1 minute"},"schema":{"@context":"https:\/\/schema.org","@graph":[{"@type":"WebPage","@id":"https:\/\/frupo.de\/en\/contact\/","url":"https:\/\/frupo.de\/en\/contact\/","name":"Contact - Global Fruit Point","isPartOf":{"@id":"https:\/\/frupo.de\/en\/#website"},"primaryImageOfPage":{"@id":"https:\/\/frupo.de\/en\/contact\/#primaryimage"},"image":{"@id":"https:\/\/frupo.de\/en\/contact\/#primaryimage"},"thumbnailUrl":"https:\/\/frupo.de\/wp-content\/uploads\/13_GFP_Kontakt_mobile.webp","datePublished":"2022-08-22T13:34:55+00:00","dateModified":"2026-03-30T08:31:32+00:00","description":"Would you like to work with experts in the import of tropical fruits? We look forward to hearing from you.","breadcrumb":{"@id":"https:\/\/frupo.de\/en\/contact\/#breadcrumb"},"inLanguage":"en-US","potentialAction":[{"@type":"ReadAction","target":["https:\/\/frupo.de\/en\/contact\/"]}]},{"@type":"ImageObject","inLanguage":"en-US","@id":"https:\/\/frupo.de\/en\/contact\/#primaryimage","url":"https:\/\/frupo.de\/wp-content\/uploads\/13_GFP_Kontakt_mobile.webp","contentUrl":"https:\/\/frupo.de\/wp-content\/uploads\/13_GFP_Kontakt_mobile.webp","width":2211,"height":1650,"caption":"Hier sehen sie einen Experten f\u00fcr den Import von S\u00fcdfr\u00fcchten"},{"@type":"BreadcrumbList","@id":"https:\/\/frupo.de\/en\/contact\/#breadcrumb","itemListElement":[{"@type":"ListItem","position":1,"name":"Startseite","item":"https:\/\/frupo.de\/en\/"},{"@type":"ListItem","position":2,"name":"Contact"}]},{"@type":"WebSite","@id":"https:\/\/frupo.de\/en\/#website","url":"https:\/\/frupo.de\/en\/","name":"Global Fruit Point","description":"Passion for Fruit","potentialAction":[{"@type":"SearchAction","target":{"@type":"EntryPoint","urlTemplate":"https:\/\/frupo.de\/en\/?s={search_term_string}"},"query-input":{"@type":"PropertyValueSpecification","valueRequired":true,"valueName":"search_term_string"}}],"inLanguage":"en-US"}]}},"_links":{"self":[{"href":"https:\/\/frupo.de\/en\/wp-json\/wp\/v2\/pages\/2948","targetHints":{"allow":["GET"]}}],"collection":[{"href":"https:\/\/frupo.de\/en\/wp-json\/wp\/v2\/pages"}],"about":[{"href":"https:\/\/frupo.de\/en\/wp-json\/wp\/v2\/types\/page"}],"author":[{"embeddable":true,"href":"https:\/\/frupo.de\/en\/wp-json\/wp\/v2\/users\/2"}],"replies":[{"embeddable":true,"href":"https:\/\/frupo.de\/en\/wp-json\/wp\/v2\/comments?post=2948"}],"version-history":[{"count":26,"href":"https:\/\/frupo.de\/en\/wp-json\/wp\/v2\/pages\/2948\/revisions"}],"predecessor-version":[{"id":4435,"href":"https:\/\/frupo.de\/en\/wp-json\/wp\/v2\/pages\/2948\/revisions\/4435"}],"wp:featuredmedia":[{"embeddable":true,"href":"https:\/\/frupo.de\/en\/wp-json\/wp\/v2\/media\/3091"}],"wp:attachment":[{"href":"https:\/\/frupo.de\/en\/wp-json\/wp\/v2\/media?parent=2948"}],"curies":[{"name":"wp","href":"https:\/\/api.w.org\/{rel}","templated":true}]}}