{"id":3258,"date":"2025-05-08T15:37:16","date_gmt":"2025-05-08T13:37:16","guid":{"rendered":"http:\/\/wordpress-gfp-relaunch.p703510.webspaceconfig.de\/declaracion-de-proteccion-de-datos\/"},"modified":"2025-06-06T21:52:09","modified_gmt":"2025-06-06T19:52:09","slug":"declaracion-de-proteccion-de-datos","status":"publish","type":"page","link":"https:\/\/frupo.de\/es\/declaracion-de-proteccion-de-datos\/","title":{"rendered":"Declaraci\u00f3n de protecci\u00f3n de datos"},"content":{"rendered":"<div class=\"fusion-fullwidth fullwidth-box fusion-builder-row-1 fusion-flex-container nonhundred-percent-fullwidth non-hundred-percent-height-scrolling\" style=\"--awb-border-radius-top-left:0px;--awb-border-radius-top-right:0px;--awb-border-radius-bottom-right:0px;--awb-border-radius-bottom-left:0px;--awb-padding-top:60px;--awb-padding-right:140px;--awb-padding-bottom:60px;--awb-padding-left:140px;--awb-padding-right-medium:30px;--awb-padding-left-medium:30px;--awb-padding-right-small:0px;--awb-padding-left-small:0px;--awb-flex-wrap:wrap;\" ><div class=\"fusion-builder-row fusion-row fusion-flex-align-items-flex-start fusion-flex-justify-content-center fusion-flex-content-wrap\" style=\"max-width:1248px;margin-left: calc(-4% \/ 2 );margin-right: calc(-4% \/ 2 );\"><div class=\"fusion-layout-column fusion_builder_column fusion-builder-column-0 fusion_builder_column_1_1 1_1 fusion-flex-column\" style=\"--awb-bg-size:cover;--awb-width-large:100%;--awb-margin-top-large:0px;--awb-spacing-right-large:1.92%;--awb-margin-bottom-large:0px;--awb-spacing-left-large:1.92%;--awb-width-medium:100%;--awb-order-medium:0;--awb-spacing-right-medium:1.92%;--awb-spacing-left-medium:1.92%;--awb-width-small:100%;--awb-order-small:0;--awb-spacing-right-small:1.92%;--awb-spacing-left-small:1.92%;\"><div class=\"fusion-column-wrapper fusion-column-has-shadow fusion-flex-justify-content-flex-start fusion-content-layout-column\"><div class=\"fusion-title title fusion-title-1 fusion-sep-none fusion-title-text fusion-title-size-two\" style=\"--awb-margin-bottom:5px;\"><h2 class=\"fusion-title-heading title-heading-left\" style=\"margin:0;text-transform:uppercase;\">Protecci\u00f3n de datos<\/h2><\/div><div class=\"fusion-title title fusion-title-2 fusion-sep-none fusion-title-text fusion-title-size-one\" style=\"--awb-margin-top:0px;--awb-margin-bottom:30px;\"><h1 class=\"fusion-title-heading title-heading-left\" style=\"margin:0;\">Declaraci\u00f3n de protecci\u00f3n de datos<\/h1><\/div><div class=\"fusion-text fusion-text-1\" style=\"--awb-text-transform:none;--awb-margin-left:100px;\"><p>Contenido:<\/p>\n<p>1. General<\/p>\n<p>2. Sus derechos<\/p>\n<p>3. Finalidad del tratamiento<\/p>\n<p>4. Duraci\u00f3n del almacenamiento<\/p>\n<p>5. Seguridad del sitio web<\/p>\n<p>6. Archivos de registro y datos de acceso<\/p>\n<p>7. Posibilidad de contacto por correo electr\u00f3nico<\/p>\n<p>8. Uso de anuncios en Internet<\/p>\n<p>9. Presencia en redes sociales y entradas en directorios<\/p>\n<p>10. Cookies y scripts<\/p>\n<p>1. General<\/p>\n<p>La declaraci\u00f3n de protecci\u00f3n de datos tiene por objeto informar a los usuarios del sitio web sobre el tipo, el alcance y la finalidad de la recopilaci\u00f3n y el uso de datos personales por parte del operador. El operador se toma muy en serio la protecci\u00f3n de sus datos y trata sus datos personales de forma confidencial y de acuerdo con las disposiciones legales.<\/p>\n<p>Esta declaraci\u00f3n de protecci\u00f3n de datos se aplica a los siguientes sitios web del responsable:<\/p>\n<p><a href=\"http:\/\/www.frupo.de\/\">www.frupo.de<\/a><\/p>\n<p>El operador del sitio web y el responsable del mismo es:<\/p>\n<p>Global Fruit Point GmbH<\/p>\n<p>Representantes legales: S. Heinsohn, M. Neuel, G. Koch, A. Detlefsen<\/p>\n<p>Bahnhofstra\u00dfe 45<\/p>\n<p>21614 Buxtehude<\/p>\n<p>Tel\u00e9fono: 04161 74 888 0<\/p>\n<p>Correo electr\u00f3nico: <a href=\"mailto:info@frupo.de\">info@frupo.de<\/a><\/p>\n<p>El operador responsable ha nombrado a un delegado de protecci\u00f3n de datos:<\/p>\n<p>Tobias Lange<br \/>Delegado externo de protecci\u00f3n de datos<br \/>Berner Heerweg 246<br \/>22159 Hamburgo<\/p>\n<p>Tel\u00e9fono: +49 40 5700 3925<\/p>\n<p>Correo electr\u00f3nico: <a href=\"mailto:info@tl-datenschutz.de\">info@tl-datenschutz.de<\/a><\/p>\n<p>Los cambios en la organizaci\u00f3n del operador, el desarrollo de las tecnolog\u00edas y los cambios en el sitio web o en toda la presencia en Internet del operador pueden dar lugar a actualizaciones de esta declaraci\u00f3n de protecci\u00f3n de datos en cualquier momento. Le recomendamos que vuelva a leer la declaraci\u00f3n de protecci\u00f3n de datos peri\u00f3dicamente.<\/p>\n<p>Las definiciones de los t\u00e9rminos utilizados (por ejemplo, \u00abdatos personales\u00bb o \u00abtratamiento\u00bb) se encuentran en el art\u00edculo 4 del RGPD. Adem\u00e1s del RGPD, las bases legales son la nueva Ley federal alemana de protecci\u00f3n de datos (BDSG), los requisitos del art\u00edculo 13 de la Ley alemana de telemedios y el art\u00edculo 25 de la Ley sobre protecci\u00f3n de datos y privacidad en las telecomunicaciones y los servicios digitales (TTDSG).<\/p>\n<p>En principio, es posible visitar este sitio web sin proporcionar datos personales. Hemos configurado las condiciones de protecci\u00f3n de datos de nuestro sitio web de forma que no se recopilen ni se traten datos personales sin su consentimiento expreso. Para el uso de los iconos de redes sociales en nuestra p\u00e1gina se aplica lo siguiente: Solo cuando usted decida utilizar estos servicios (por ejemplo, haciendo clic en el icono de LinkedIn), el proveedor externo correspondiente podr\u00e1 recopilar datos personales. En ese caso, ya no seremos responsables de ello.<\/p>\n<p>La entidad responsable trabaja en red con otras asociaciones, empresas, proveedores de servicios, abogados, etc. Los datos personales no se transmiten a terceros, salvo que as\u00ed lo exijan las disposiciones legales o se haya obtenido el consentimiento para ello. Nos aseguramos de que los socios colaboradores en el sentido anteriormente mencionado cumplan con la normativa vigente en materia de protecci\u00f3n de datos.<\/p>\n<p>2. Sus derechos<\/p>\n<p>Si usted es un interesado en el sentido del art\u00edculo 4, apartado 1, del RGPD, tiene los siguientes derechos en relaci\u00f3n con el tratamiento de sus datos personales. El texto legal de los derechos que se enumeran a continuaci\u00f3n se encuentra aqu\u00ed: <a href=\"https:\/\/eur-lex.europa.eu\/legal-content\/ES\/TXT\/?uri=CELEX%3A32016R0679\">Ley RGPD<\/a><\/p>\n<p>De conformidad con el art\u00edculo 15 del RGPD, tiene derecho a obtener del responsable del tratamiento la confirmaci\u00f3n de si se est\u00e1n tratando datos personales que le conciernen y a obtener dicha informaci\u00f3n de forma gratuita.<\/p>\n<p>De conformidad con el art\u00edculo 16 del RGPD, tiene derecho a solicitar la rectificaci\u00f3n de los datos personales inexactos sin demora. Adem\u00e1s, tiene derecho a solicitar que se completen los datos personales incompletos en relaci\u00f3n con el tratamiento.<\/p>\n<p>De conformidad con el art\u00edculo 17 del RGPD, tiene derecho a solicitar al operador que suprima sus datos personales sin dilaci\u00f3n, siempre que concurra alguna de las causas previstas en el art\u00edculo 17 del RGPD y que el tratamiento ya no sea necesario.<\/p>\n<p>De conformidad con el art\u00edculo 18 del RGPD, usted tiene derecho a solicitar la limitaci\u00f3n del tratamiento cuando concurra alguna de las condiciones establecidas en dicho art\u00edculo.<\/p>\n<p>De conformidad con el art\u00edculo 20 del RGPD, usted tiene derecho a recibir sus datos personales en un formato estructurado, de uso com\u00fan y legible por m\u00e1quina, y tiene derecho, en la medida en que no est\u00e9 restringido por el art\u00edculo 20 del RGPD, a transmitirlos a otro operador sin que nosotros lo impidamos.<\/p>\n<p>Usted tiene derecho a revocar en cualquier momento el consentimiento otorgado para el tratamiento de datos personales. La revocaci\u00f3n solo tendr\u00e1 efecto para el futuro. Por favor env\u00ede la revocaci\u00f3n a los datos de contacto del operador indicados anteriormente.<\/p>\n<p>De conformidad con el art\u00edculo 21 del RGPD, usted tiene derecho a oponerse en cualquier momento al tratamiento de sus datos personales. Si se dan las condiciones para una oposici\u00f3n efectiva, no se podr\u00e1n seguir tratando los datos personales.<\/p>\n<p>Adem\u00e1s de otros recursos administrativos o judiciales, tiene derecho a presentar una reclamaci\u00f3n ante una autoridad de control competente si considera que el tratamiento de sus datos personales infringe las disposiciones del RGPD. La reclamaci\u00f3n puede presentarse en l\u00ednea en el sitio web de la autoridad de control. La autoridad de control competente ser\u00eda:<\/p>\n<p>La Delegada Estatal de Protecci\u00f3n de Datos de Baja Sajonia (Landesbeauftragte f\u00fcr den Datenschutz Niedersachsen)<br \/>Prinzenstra\u00dfe 5<br \/>30159 Hannover<br \/>Tel.: +49 511 \/ 120 45 00<br \/>Fax: +49 511 \/ 120 45 99<\/p>\n<p>Correo electr\u00f3nico: <a href=\"mailto:poststelle@lfd.niedersachsen.de\">poststelle@lfd.niedersachsen.de<\/a><\/p>\n<p>Sitio web: <a href=\"http:\/\/www.lfd.niedersachsen.de\/\">www.lfd.niedersachsen.de<\/a><\/p>\n<p>3. Finalidad del tratamiento<\/p>\n<p>Los datos personales que se nos transmiten solo se procesar\u00e1n para los fines para los que usted los ha facilitado. No se llevar\u00e1 a cabo ning\u00fan tratamiento, en particular la transmisi\u00f3n a otros fines.<\/p>\n<p>4. Duraci\u00f3n del almacenamiento<\/p>\n<p>Los datos personales se eliminar\u00e1n tan pronto como su almacenamiento ya no sea necesario para cumplir con el prop\u00f3sito original y ya no existan per\u00edodos de retenci\u00f3n legales. La duraci\u00f3n definitiva del almacenamiento de los datos personales se rige por los plazos de conservaci\u00f3n legales. Una vez transcurridos los plazos legales, se eliminar\u00e1n los datos correspondientes. En caso de que existan plazos de conservaci\u00f3n y ya no exista un fin para el tratamiento de los datos, se restringir\u00e1 el tratamiento de los datos personales.<\/p>\n<p>5. Seguridad del sitio web<\/p>\n<p>El operador del sitio web lo pone a disposici\u00f3n de acuerdo con los est\u00e1ndares t\u00e9cnicos actuales y lo actualiza peri\u00f3dicamente. Se se\u00f1ala que no se puede garantizar una seguridad absoluta contra errores y accesos no autorizados, especialmente en caso de uso con intenci\u00f3n delictiva.<\/p>\n<p>Para proteger los datos transmitidos de la mejor manera posible, se utiliza un cifrado SSL. Las conexiones cifradas de este tipo se reconocen por el prefijo \u00abhttps:\/\/\u00bb en el enlace de la p\u00e1gina en la barra de direcciones de su navegador.<\/p>\n<p>El sitio web se basa en programaci\u00f3n libre y est\u00e1 alojado en servidores Amazon AWS en Fr\u00e1ncfort, Alemania. El administrador t\u00e9cnico del alojamiento toma las medidas adecuadas para la actualizaci\u00f3n y la seguridad del sitio web.<\/p>\n<p>6. Archivos de registro \/ datos de acceso<\/p>\n<p>El operador del sitio web recopila, sobre la base de un inter\u00e9s leg\u00edtimo (v\u00e9ase el art\u00edculo 6, apartado 1, letra f) del RGPD), datos sobre el acceso a este sitio web y los almacena como \u00abarchivos de registro del servidor\u00bb en el servidor del sitio web.<\/p>\n<p>Se almacenan los siguientes datos:<\/p>\n<p>\u2022 Nombre del archivo consultado,<\/p>\n<p>\u2022 Fecha y hora de la consulta,<\/p>\n<p>\u2022 Cantidad de datos transferidos,<\/p>\n<p>\u2022 Notificaci\u00f3n de consulta satisfactoria,<\/p>\n<p>\u2022 Sistema operativo utilizado,<\/p>\n<p>\u2022 Navegador y tipo de navegador,<\/p>\n<p>\u2022 P\u00e1gina web desde la que se ha redirigido,<\/p>\n<p>\u2022 P\u00e1ginas visitadas<\/p>\n<p>\u2022 Dominio solicitante.<\/p>\n<p>\u2022 Direcciones IP en forma an\u00f3nima<\/p>\n<p>La anonimizaci\u00f3n de las direcciones IP se lleva a cabo antes de su almacenamiento en el servidor y de su posterior procesamiento. No se recopilan ni procesan direcciones IP completas y rastreables. Con la anonimizaci\u00f3n, el visitante del sitio web ya no es identificable. Por lo tanto, los datos almacenados de este modo ya no se refieren a una persona f\u00edsica identificable y, en consecuencia, las disposiciones del RGPD ya no son aplicables tras la anonimizaci\u00f3n.<\/p>\n<p>En casos especiales, el administrador t\u00e9cnico puede almacenar las direcciones IP durante un breve per\u00edodo de tiempo, no superior a 30 d\u00edas, sin anonimizar. El almacenamiento de los datos se realiza por motivos de seguridad, por ejemplo, para poder esclarecer casos de uso indebido, con fines de an\u00e1lisis del uso del sitio web y para garantizar su correcto funcionamiento. El administrador t\u00e9cnico protege el acceso a dichos archivos de registro con los medios t\u00e9cnicos y organizativos adecuados para garantizar la seguridad de los datos. El responsable del tratamiento no tiene acceso a dichos datos, salvo que lo permita la legislaci\u00f3n. La divulgaci\u00f3n de los datos a terceros solo se realiza sobre la base de la ley, por ejemplo, en caso de una orden judicial de divulgaci\u00f3n. Cuando ya no sea necesario conservar los archivos de registro, estos se eliminar\u00e1n de forma irreversible.<\/p>\n<p>7. Posibilidad de contacto por correo electr\u00f3nico<\/p>\n<p>En nuestra p\u00e1gina web le ofrecemos la posibilidad de ponerse en contacto con nosotros por correo electr\u00f3nico. En este caso, los datos que nos facilite se almacenar\u00e1n con el fin de tramitar su solicitud. No se transmitir\u00e1n a terceros.<\/p>\n<p>Al utilizar los servicios de correo electr\u00f3nico, se transmiten datos personales, como la direcci\u00f3n IP y la direcci\u00f3n de correo electr\u00f3nico. Adem\u00e1s, se transmiten los datos personales que nos facilite en su solicitud. Utilizamos el cifrado SSL en el tr\u00e1fico de correo electr\u00f3nico y garantizamos la seguridad de nuestro servidor de correo electr\u00f3nico de acuerdo con los est\u00e1ndares habituales. No podemos influir en la seguridad de su servicio de correo electr\u00f3nico. Le informamos de que el cifrado SSL no es un cifrado de extremo a extremo y no garantiza una seguridad absoluta.<\/p>\n<p>Si se pone en contacto con nosotros por correo electr\u00f3nico, solo trataremos los datos que nos haya facilitado para los fines que nos haya indicado, no los transmitiremos a terceros y los eliminaremos una vez cumplida la finalidad, siempre que no existan plazos de conservaci\u00f3n.<\/p>\n<p>Para la gesti\u00f3n t\u00e9cnica de la comunicaci\u00f3n por correo electr\u00f3nico, utilizamos el servicio de Microsoft 365 y operamos un servidor MS Exchange. Hemos celebrado cl\u00e1usulas contractuales est\u00e1ndar con Microsoft que garantizan la prestaci\u00f3n t\u00e9cnica del servicio de correo electr\u00f3nico y el tr\u00e1fico de datos de conformidad con la normativa de protecci\u00f3n de datos.<\/p>\n<p>8. Uso de anuncios en Internet<\/p>\n<p>Para promocionar nuestro sitio web, podemos utilizar anuncios en Google, Bing u otros motores de b\u00fasqueda. Tambi\u00e9n podemos utilizar anuncios en otros sitios web de terceros. Para ello, solo utilizamos scripts de los respectivos terceros proveedores, que recopilan y procesan datos personales para analizar el anuncio, siempre que usted haya dado previamente su consentimiento expreso e informado. Los anuncios correspondientes est\u00e1n sujetos a las condiciones de uso y protecci\u00f3n de datos del proveedor externo correspondiente, en cuya p\u00e1gina web se encuentran nuestros anuncios. Nos esforzamos por publicar anuncios solo en sitios web cuyos operadores garantizan la protecci\u00f3n de datos de conformidad con el RGPD. Para ello, revisamos peri\u00f3dicamente los sitios web de los terceros en los que publicamos anuncios. No obstante, no podemos asumir ninguna responsabilidad por la protecci\u00f3n de datos de sitios web de terceros.<\/p>\n<p>9. Presencia en redes sociales y entradas en directorios<\/p>\n<p>Con fines de presentaci\u00f3n y publicidad, o para comunicarnos con usted como usuario, con nuestros clientes o con personas interesadas, as\u00ed como para informarle sobre los servicios que ofrecemos o para ofrecerle otros servicios, estamos presentes en las siguientes redes sociales:<\/p>\n<ul>\n<li>Google Business<\/li>\n<li>Bing Business<\/li>\n<\/ul>\n<p>Los servicios est\u00e1n sujetos a las pol\u00edticas de privacidad de los respectivos proveedores. Usted utiliza y se pone en contacto con nosotros a trav\u00e9s de los servicios de redes sociales bajo su propia responsabilidad. No nos hacemos responsables de la protecci\u00f3n de datos de los respectivos proveedores.<\/p>\n<p>Al utilizar las redes sociales, por lo general se procesan datos fuera de la Uni\u00f3n Europea (UE) y del Espacio Econ\u00f3mico Europeo (EEE). No se puede garantizar un nivel de protecci\u00f3n de datos equivalente al de la UE en todos los pa\u00edses fuera de la UE.<\/p>\n<p>En este contexto, puede suponer un riesgo para usted como usuario que los datos transmitidos se traten en los denominados terceros pa\u00edses con un nivel de protecci\u00f3n de datos inadecuado. Esto dificulta el ejercicio de los derechos de los usuarios. Adem\u00e1s, es posible que el proveedor del tercer pa\u00eds no trate sus datos en su inter\u00e9s.<\/p>\n<p>Los fines del tratamiento de las redes sociales suelen diferir de los nuestros. As\u00ed, en la mayor\u00eda de los casos, los datos que usted recopila en las redes sociales se tratan con fines de investigaci\u00f3n de mercado, publicidad, creaci\u00f3n de perfiles de usuario y publicidad personalizada (por ejemplo, Facebook, Google, Instagram, etc.).<\/p>\n<p>Para ello se utilizan cookies que registran el comportamiento del usuario y permiten crear un perfil del mismo. Adem\u00e1s, pueden utilizarse otros m\u00e9todos de seguimiento. Encontrar\u00e1 una lista concreta de los fines del tratamiento de los datos de los usuarios en la pol\u00edtica de privacidad del proveedor correspondiente. Mediante la configuraci\u00f3n adecuada de su cuenta de usuario, puede limitar, al menos en cierta medida, la creaci\u00f3n de su perfil. Para conocer el procedimiento exacto, lea las disposiciones correspondientes del proveedor en cuesti\u00f3n.<\/p>\n<p>Es posible que tambi\u00e9n encuentre nuestra empresa en otros servicios de redes sociales o bases de datos distintos de los mencionados anteriormente. Estas presencias han sido creadas autom\u00e1ticamente por los respectivos operadores. No podemos asumir ninguna responsabilidad por dichos contenidos y p\u00e1ginas, ni hacer declaraciones sobre la protecci\u00f3n de datos de estos proveedores. En tales casos, inf\u00f3rmese en las p\u00e1ginas correspondientes sobre las disposiciones de protecci\u00f3n de datos de la entidad responsable.<\/p>\n<p>Si se pone en contacto con nosotros a trav\u00e9s de portales de redes sociales, almacenaremos y procesaremos los datos que nos haya facilitado \u00fanicamente con el fin de ponernos en contacto con usted y de acuerdo con las disposiciones de los portales correspondientes. Si ya no existe ning\u00fan motivo para almacenar los datos correspondientes, los eliminaremos. La eliminaci\u00f3n por nuestra parte no implica necesariamente la eliminaci\u00f3n en el portal de redes sociales correspondiente. No podemos influir en esto \u00faltimo.<\/p>\n<p>10. Cookies y scripts<\/p>\n<p>En principio, puede acceder a nuestro sitio web sin el uso de cookies o scripts que recopilen y procesen datos personales. Nuestro sitio web utiliza, en la medida en que sea necesario, cookies de sesi\u00f3n y t\u00e9cnicas para realizar diversas funciones. Estas cookies no almacenan ni procesan datos fuera del dispositivo que usted utiliza. Tampoco se recopilan datos personales ni se transmiten a nosotros ni a terceros. Utilizamos estas cookies y scripts t\u00e9cnicamente necesarios \u00fanicamente en cumplimiento del art\u00edculo 25 de la TTDSG, cuando sea necesario para proporcionar una funci\u00f3n que usted haya solicitado expresamente en nuestro sitio web.<\/p>\n<p>No utilizamos cookies de seguimiento en nuestro sitio web. Sin embargo, las cookies y los scripts tambi\u00e9n pueden ser utilizados por terceros, como plataformas de redes sociales u otros sitios web. En nuestro sitio web ofrecemos enlaces a dichos medios. Haga clic en estos enlaces o iconos solo si ha le\u00eddo previamente la pol\u00edtica de privacidad del proveedor correspondiente. El uso de los sitios web de terceros es bajo su propia responsabilidad. No asumimos ninguna responsabilidad por la protecci\u00f3n de datos en sitios web de terceros.<\/p>\n<\/div><\/div><\/div><\/div><\/div>\n","protected":false},"excerpt":{"rendered":"","protected":false},"author":1,"featured_media":0,"parent":0,"menu_order":0,"comment_status":"closed","ping_status":"closed","template":"","meta":{"_acf_changed":false,"footnotes":""},"class_list":["post-3258","page","type-page","status-publish","hentry"],"acf":[],"yoast_head":"<!-- This site is optimized with the Yoast SEO plugin v27.0 - https:\/\/yoast.com\/product\/yoast-seo-wordpress\/ -->\n<title>Declaraci\u00f3n de protecci\u00f3n de datos - Global Fruit Point<\/title>\n<meta name=\"robots\" content=\"index, follow, max-snippet:-1, max-image-preview:large, max-video-preview:-1\" \/>\n<link rel=\"canonical\" href=\"https:\/\/frupo.de\/es\/declaracion-de-proteccion-de-datos\/\" \/>\n<meta property=\"og:locale\" content=\"es_ES\" \/>\n<meta property=\"og:type\" content=\"article\" \/>\n<meta property=\"og:title\" content=\"Declaraci\u00f3n de protecci\u00f3n de datos - Global Fruit Point\" \/>\n<meta property=\"og:url\" content=\"https:\/\/frupo.de\/es\/declaracion-de-proteccion-de-datos\/\" \/>\n<meta property=\"og:site_name\" content=\"Global Fruit Point\" \/>\n<meta property=\"article:modified_time\" content=\"2025-06-06T19:52:09+00:00\" \/>\n<meta name=\"twitter:card\" content=\"summary_large_image\" \/>\n<meta name=\"twitter:label1\" content=\"Tiempo de lectura\" \/>\n\t<meta name=\"twitter:data1\" content=\"18 minutos\" \/>\n<script type=\"application\/ld+json\" class=\"yoast-schema-graph\">{\"@context\":\"https:\/\/schema.org\",\"@graph\":[{\"@type\":\"WebPage\",\"@id\":\"https:\/\/frupo.de\/es\/declaracion-de-proteccion-de-datos\/\",\"url\":\"https:\/\/frupo.de\/es\/declaracion-de-proteccion-de-datos\/\",\"name\":\"Declaraci\u00f3n de protecci\u00f3n de datos - Global Fruit Point\",\"isPartOf\":{\"@id\":\"https:\/\/frupo.de\/es\/#website\"},\"datePublished\":\"2025-05-08T13:37:16+00:00\",\"dateModified\":\"2025-06-06T19:52:09+00:00\",\"breadcrumb\":{\"@id\":\"https:\/\/frupo.de\/es\/declaracion-de-proteccion-de-datos\/#breadcrumb\"},\"inLanguage\":\"es\",\"potentialAction\":[{\"@type\":\"ReadAction\",\"target\":[\"https:\/\/frupo.de\/es\/declaracion-de-proteccion-de-datos\/\"]}]},{\"@type\":\"BreadcrumbList\",\"@id\":\"https:\/\/frupo.de\/es\/declaracion-de-proteccion-de-datos\/#breadcrumb\",\"itemListElement\":[{\"@type\":\"ListItem\",\"position\":1,\"name\":\"Startseite\",\"item\":\"https:\/\/frupo.de\/es\/\"},{\"@type\":\"ListItem\",\"position\":2,\"name\":\"Declaraci\u00f3n de protecci\u00f3n de datos\"}]},{\"@type\":\"WebSite\",\"@id\":\"https:\/\/frupo.de\/es\/#website\",\"url\":\"https:\/\/frupo.de\/es\/\",\"name\":\"Global Fruit Point\",\"description\":\"Passion for Fruit\",\"potentialAction\":[{\"@type\":\"SearchAction\",\"target\":{\"@type\":\"EntryPoint\",\"urlTemplate\":\"https:\/\/frupo.de\/es\/?s={search_term_string}\"},\"query-input\":{\"@type\":\"PropertyValueSpecification\",\"valueRequired\":true,\"valueName\":\"search_term_string\"}}],\"inLanguage\":\"es\"}]}<\/script>\n<!-- \/ Yoast SEO plugin. -->","yoast_head_json":{"title":"Declaraci\u00f3n de protecci\u00f3n de datos - Global Fruit Point","robots":{"index":"index","follow":"follow","max-snippet":"max-snippet:-1","max-image-preview":"max-image-preview:large","max-video-preview":"max-video-preview:-1"},"canonical":"https:\/\/frupo.de\/es\/declaracion-de-proteccion-de-datos\/","og_locale":"es_ES","og_type":"article","og_title":"Declaraci\u00f3n de protecci\u00f3n de datos - Global Fruit Point","og_url":"https:\/\/frupo.de\/es\/declaracion-de-proteccion-de-datos\/","og_site_name":"Global Fruit Point","article_modified_time":"2025-06-06T19:52:09+00:00","twitter_card":"summary_large_image","twitter_misc":{"Tiempo de lectura":"18 minutos"},"schema":{"@context":"https:\/\/schema.org","@graph":[{"@type":"WebPage","@id":"https:\/\/frupo.de\/es\/declaracion-de-proteccion-de-datos\/","url":"https:\/\/frupo.de\/es\/declaracion-de-proteccion-de-datos\/","name":"Declaraci\u00f3n de protecci\u00f3n de datos - Global Fruit Point","isPartOf":{"@id":"https:\/\/frupo.de\/es\/#website"},"datePublished":"2025-05-08T13:37:16+00:00","dateModified":"2025-06-06T19:52:09+00:00","breadcrumb":{"@id":"https:\/\/frupo.de\/es\/declaracion-de-proteccion-de-datos\/#breadcrumb"},"inLanguage":"es","potentialAction":[{"@type":"ReadAction","target":["https:\/\/frupo.de\/es\/declaracion-de-proteccion-de-datos\/"]}]},{"@type":"BreadcrumbList","@id":"https:\/\/frupo.de\/es\/declaracion-de-proteccion-de-datos\/#breadcrumb","itemListElement":[{"@type":"ListItem","position":1,"name":"Startseite","item":"https:\/\/frupo.de\/es\/"},{"@type":"ListItem","position":2,"name":"Declaraci\u00f3n de protecci\u00f3n de datos"}]},{"@type":"WebSite","@id":"https:\/\/frupo.de\/es\/#website","url":"https:\/\/frupo.de\/es\/","name":"Global Fruit Point","description":"Passion for Fruit","potentialAction":[{"@type":"SearchAction","target":{"@type":"EntryPoint","urlTemplate":"https:\/\/frupo.de\/es\/?s={search_term_string}"},"query-input":{"@type":"PropertyValueSpecification","valueRequired":true,"valueName":"search_term_string"}}],"inLanguage":"es"}]}},"_links":{"self":[{"href":"https:\/\/frupo.de\/es\/wp-json\/wp\/v2\/pages\/3258","targetHints":{"allow":["GET"]}}],"collection":[{"href":"https:\/\/frupo.de\/es\/wp-json\/wp\/v2\/pages"}],"about":[{"href":"https:\/\/frupo.de\/es\/wp-json\/wp\/v2\/types\/page"}],"author":[{"embeddable":true,"href":"https:\/\/frupo.de\/es\/wp-json\/wp\/v2\/users\/1"}],"replies":[{"embeddable":true,"href":"https:\/\/frupo.de\/es\/wp-json\/wp\/v2\/comments?post=3258"}],"version-history":[{"count":0,"href":"https:\/\/frupo.de\/es\/wp-json\/wp\/v2\/pages\/3258\/revisions"}],"wp:attachment":[{"href":"https:\/\/frupo.de\/es\/wp-json\/wp\/v2\/media?parent=3258"}],"curies":[{"name":"wp","href":"https:\/\/api.w.org\/{rel}","templated":true}]}}