{"id":3265,"date":"2025-05-08T15:38:11","date_gmt":"2025-05-08T13:38:11","guid":{"rendered":"http:\/\/wordpress-gfp-relaunch.p703510.webspaceconfig.de\/aviso-legal\/"},"modified":"2026-01-20T21:18:49","modified_gmt":"2026-01-20T20:18:49","slug":"aviso-legal","status":"publish","type":"page","link":"https:\/\/frupo.de\/es\/aviso-legal\/","title":{"rendered":"Aviso legal"},"content":{"rendered":"<div class=\"fusion-fullwidth fullwidth-box fusion-builder-row-1 fusion-flex-container nonhundred-percent-fullwidth non-hundred-percent-height-scrolling\" style=\"--awb-border-radius-top-left:0px;--awb-border-radius-top-right:0px;--awb-border-radius-bottom-right:0px;--awb-border-radius-bottom-left:0px;--awb-padding-top:85px;--awb-padding-right:140px;--awb-padding-bottom:267px;--awb-padding-left:140px;--awb-padding-right-medium:30px;--awb-padding-left-medium:30px;--awb-padding-right-small:0px;--awb-padding-left-small:0px;--awb-flex-wrap:wrap;\" ><div class=\"fusion-builder-row fusion-row fusion-flex-align-items-flex-start fusion-flex-justify-content-center fusion-flex-content-wrap\" style=\"max-width:1248px;margin-left: calc(-4% \/ 2 );margin-right: calc(-4% \/ 2 );\"><div class=\"fusion-layout-column fusion_builder_column fusion-builder-column-0 fusion_builder_column_1_1 1_1 fusion-flex-column\" style=\"--awb-bg-size:cover;--awb-width-large:100%;--awb-margin-top-large:0px;--awb-spacing-right-large:1.92%;--awb-margin-bottom-large:0px;--awb-spacing-left-large:1.92%;--awb-width-medium:100%;--awb-order-medium:0;--awb-spacing-right-medium:1.92%;--awb-spacing-left-medium:1.92%;--awb-width-small:100%;--awb-order-small:0;--awb-spacing-right-small:1.92%;--awb-spacing-left-small:1.92%;\"><div class=\"fusion-column-wrapper fusion-column-has-shadow fusion-flex-justify-content-flex-start fusion-content-layout-column\"><div class=\"fusion-title title fusion-title-1 fusion-sep-none fusion-title-text fusion-title-size-two\" style=\"--awb-margin-bottom:5px;\"><h2 class=\"fusion-title-heading title-heading-left\" style=\"margin:0;text-transform:uppercase;\"><strong>Aviso legal<\/strong><\/h2><\/div><div class=\"fusion-title title fusion-title-2 fusion-sep-none fusion-title-text fusion-title-size-one\" style=\"--awb-margin-top:0px;--awb-margin-bottom:30px;\"><h1 class=\"fusion-title-heading title-heading-left\" style=\"margin:0;\">Aviso legal<\/h1><\/div><div class=\"fusion-text fusion-text-1\" style=\"--awb-text-transform:none;--awb-margin-left:100px;\"><p><b>Global Fruit Point GmbH<br \/>Personas con poder de representaci\u00f3n: <\/b><br \/>Sven Heinsohn, Matthias Neuel, Gernot Koch, Andr\u00e9s Detlefsen<br \/>Bahnhofstrasse 45<br \/>D-21614 Buxtehude, Alemania<br \/>Tel\u00e9fono: + 49-4161\u201374 888-0<br \/>Fax: + 49-4161\u201374 888-55<br \/>Correo electr\u00f3nico: info@frupo.de<br \/>Internet: www.frupo.de<\/p>\n<p><b>Gerentes<\/b><br \/>Sven Heinsohn, Matthias Neuel, Gernot Koch, Andr\u00e9s Detlefsen<\/p>\n<p><b>N\u00famero de identificaci\u00f3n fiscal<\/b><br \/>N\u00famero de identificaci\u00f3n a efectos del IVA: DE 250654947<\/p>\n<p><b>Registro mercantil<\/b><br \/>Inscrita en el Juzgado Local de Tostedt: HRB 200521<\/p>\n<p><b>Aviso sobre derechos de autor:<\/b><br \/><span style=\"background-color: rgba(0, 0, 0, 0);\">El contenido de las p\u00e1ginas web de www.frupo.de est\u00e1 protegido por derechos de autor. La reproducci\u00f3n de informaci\u00f3n o datos, en particular el uso de textos, partes de textos o material gr\u00e1fico, requiere el consentimiento previo de www.frupo.de. Esto se aplica en particular a la reproducci\u00f3n de contenidos de datos e informaci\u00f3n de otros proveedores utilizados por www.frupo.de.<\/span><\/p>\n<p><b>Concepto y dise\u00f1o: <\/b>Esther Gummig; creativedirections.de<br \/><b>Contenidos y traducciones:<\/b><b style=\"background-color: rgba(0, 0, 0, 0);\"> <\/b><span style=\"background-color: rgba(0, 0, 0, 0);\">Beate L\u00f6we-Navarro; bln-communications.com<br \/><\/span><b>Fotograf\u00edas:<\/b> <span style=\"background-color: rgba(0, 0, 0, 0);\">Andrea Heinsohn, Andrea Heinsohn.de<\/span><\/p>\n<p><b>Material gr\u00e1fico<\/b><br \/><span style=\"background-color: rgba(0, 0, 0, 0);\">Queda prohibido el uso no autorizado de im\u00e1genes protegidas por derechos de autor y derechos afines. Todas las im\u00e1genes de este sitio web est\u00e1n protegidas por derechos de autor.<\/span><\/p>\n<p><span style=\"background-color: rgba(0, 0, 0, 0);\"><b>Aviso legal:<\/b><br \/><\/span><span style=\"background-color: rgba(0, 0, 0, 0);\">Declaramos expresamente que, en el momento de establecer los enlaces, las p\u00e1ginas enlazadas\/vinculadas no conten\u00edan contenidos ilegales. No tenemos ninguna influencia sobre el dise\u00f1o actual y futuro, los contenidos o la autor\u00eda de las p\u00e1ginas enlazadas\/vinculadas. Si llegamos a tener conocimiento de que los contenidos infringen la legislaci\u00f3n vigente, los enlaces correspondientes se eliminar\u00e1n inmediatamente.<\/span><\/p>\n<p><b>Contenido de la oferta en l\u00ednea:<\/b><br \/><span style=\"background-color: rgba(0, 0, 0, 0);\">El autor no asume ninguna responsabilidad por la actualidad, exactitud, integridad o calidad de la informaci\u00f3n proporcionada. Quedan excluidas las reclamaciones de responsabilidad contra el autor por da\u00f1os materiales o inmateriales causados por el uso o no uso de la informaci\u00f3n proporcionada o por el uso de informaci\u00f3n incorrecta o incompleta, a menos que se demuestre que el autor ha actuado con dolo o negligencia grave. Todas las ofertas son sin compromiso y no vinculantes. El autor se reserva expresamente el derecho a modificar, completar o eliminar partes de las p\u00e1ginas o la oferta completa sin previo aviso, as\u00ed como a suspender la publicaci\u00f3n de forma temporal o definitiva.<\/span><\/p>\n<\/div><\/div><\/div><\/div><\/div>\n","protected":false},"excerpt":{"rendered":"","protected":false},"author":1,"featured_media":0,"parent":0,"menu_order":0,"comment_status":"closed","ping_status":"closed","template":"","meta":{"_acf_changed":false,"footnotes":""},"class_list":["post-3265","page","type-page","status-publish","hentry"],"acf":[],"yoast_head":"<!-- This site is optimized with the Yoast SEO plugin v27.0 - https:\/\/yoast.com\/product\/yoast-seo-wordpress\/ -->\n<title>Aviso legal - Global Fruit Point<\/title>\n<meta name=\"robots\" content=\"index, follow, max-snippet:-1, max-image-preview:large, max-video-preview:-1\" \/>\n<link rel=\"canonical\" href=\"https:\/\/frupo.de\/es\/aviso-legal\/\" \/>\n<meta property=\"og:locale\" content=\"es_ES\" \/>\n<meta property=\"og:type\" content=\"article\" \/>\n<meta property=\"og:title\" content=\"Aviso legal - Global Fruit Point\" \/>\n<meta property=\"og:url\" content=\"https:\/\/frupo.de\/es\/aviso-legal\/\" \/>\n<meta property=\"og:site_name\" content=\"Global Fruit Point\" \/>\n<meta property=\"article:modified_time\" content=\"2026-01-20T20:18:49+00:00\" \/>\n<meta name=\"twitter:card\" content=\"summary_large_image\" \/>\n<meta name=\"twitter:label1\" content=\"Tiempo de lectura\" \/>\n\t<meta name=\"twitter:data1\" content=\"5 minutos\" \/>\n<script type=\"application\/ld+json\" class=\"yoast-schema-graph\">{\"@context\":\"https:\/\/schema.org\",\"@graph\":[{\"@type\":\"WebPage\",\"@id\":\"https:\/\/frupo.de\/es\/aviso-legal\/\",\"url\":\"https:\/\/frupo.de\/es\/aviso-legal\/\",\"name\":\"Aviso legal - Global Fruit Point\",\"isPartOf\":{\"@id\":\"https:\/\/frupo.de\/es\/#website\"},\"datePublished\":\"2025-05-08T13:38:11+00:00\",\"dateModified\":\"2026-01-20T20:18:49+00:00\",\"breadcrumb\":{\"@id\":\"https:\/\/frupo.de\/es\/aviso-legal\/#breadcrumb\"},\"inLanguage\":\"es\",\"potentialAction\":[{\"@type\":\"ReadAction\",\"target\":[\"https:\/\/frupo.de\/es\/aviso-legal\/\"]}]},{\"@type\":\"BreadcrumbList\",\"@id\":\"https:\/\/frupo.de\/es\/aviso-legal\/#breadcrumb\",\"itemListElement\":[{\"@type\":\"ListItem\",\"position\":1,\"name\":\"Startseite\",\"item\":\"https:\/\/frupo.de\/es\/\"},{\"@type\":\"ListItem\",\"position\":2,\"name\":\"Aviso legal\"}]},{\"@type\":\"WebSite\",\"@id\":\"https:\/\/frupo.de\/es\/#website\",\"url\":\"https:\/\/frupo.de\/es\/\",\"name\":\"Global Fruit Point\",\"description\":\"Passion for Fruit\",\"potentialAction\":[{\"@type\":\"SearchAction\",\"target\":{\"@type\":\"EntryPoint\",\"urlTemplate\":\"https:\/\/frupo.de\/es\/?s={search_term_string}\"},\"query-input\":{\"@type\":\"PropertyValueSpecification\",\"valueRequired\":true,\"valueName\":\"search_term_string\"}}],\"inLanguage\":\"es\"}]}<\/script>\n<!-- \/ Yoast SEO plugin. -->","yoast_head_json":{"title":"Aviso legal - Global Fruit Point","robots":{"index":"index","follow":"follow","max-snippet":"max-snippet:-1","max-image-preview":"max-image-preview:large","max-video-preview":"max-video-preview:-1"},"canonical":"https:\/\/frupo.de\/es\/aviso-legal\/","og_locale":"es_ES","og_type":"article","og_title":"Aviso legal - Global Fruit Point","og_url":"https:\/\/frupo.de\/es\/aviso-legal\/","og_site_name":"Global Fruit Point","article_modified_time":"2026-01-20T20:18:49+00:00","twitter_card":"summary_large_image","twitter_misc":{"Tiempo de lectura":"5 minutos"},"schema":{"@context":"https:\/\/schema.org","@graph":[{"@type":"WebPage","@id":"https:\/\/frupo.de\/es\/aviso-legal\/","url":"https:\/\/frupo.de\/es\/aviso-legal\/","name":"Aviso legal - Global Fruit Point","isPartOf":{"@id":"https:\/\/frupo.de\/es\/#website"},"datePublished":"2025-05-08T13:38:11+00:00","dateModified":"2026-01-20T20:18:49+00:00","breadcrumb":{"@id":"https:\/\/frupo.de\/es\/aviso-legal\/#breadcrumb"},"inLanguage":"es","potentialAction":[{"@type":"ReadAction","target":["https:\/\/frupo.de\/es\/aviso-legal\/"]}]},{"@type":"BreadcrumbList","@id":"https:\/\/frupo.de\/es\/aviso-legal\/#breadcrumb","itemListElement":[{"@type":"ListItem","position":1,"name":"Startseite","item":"https:\/\/frupo.de\/es\/"},{"@type":"ListItem","position":2,"name":"Aviso legal"}]},{"@type":"WebSite","@id":"https:\/\/frupo.de\/es\/#website","url":"https:\/\/frupo.de\/es\/","name":"Global Fruit Point","description":"Passion for Fruit","potentialAction":[{"@type":"SearchAction","target":{"@type":"EntryPoint","urlTemplate":"https:\/\/frupo.de\/es\/?s={search_term_string}"},"query-input":{"@type":"PropertyValueSpecification","valueRequired":true,"valueName":"search_term_string"}}],"inLanguage":"es"}]}},"_links":{"self":[{"href":"https:\/\/frupo.de\/es\/wp-json\/wp\/v2\/pages\/3265","targetHints":{"allow":["GET"]}}],"collection":[{"href":"https:\/\/frupo.de\/es\/wp-json\/wp\/v2\/pages"}],"about":[{"href":"https:\/\/frupo.de\/es\/wp-json\/wp\/v2\/types\/page"}],"author":[{"embeddable":true,"href":"https:\/\/frupo.de\/es\/wp-json\/wp\/v2\/users\/1"}],"replies":[{"embeddable":true,"href":"https:\/\/frupo.de\/es\/wp-json\/wp\/v2\/comments?post=3265"}],"version-history":[{"count":0,"href":"https:\/\/frupo.de\/es\/wp-json\/wp\/v2\/pages\/3265\/revisions"}],"wp:attachment":[{"href":"https:\/\/frupo.de\/es\/wp-json\/wp\/v2\/media?parent=3265"}],"curies":[{"name":"wp","href":"https:\/\/api.w.org\/{rel}","templated":true}]}}