{"id":3350,"date":"2022-08-22T15:34:55","date_gmt":"2022-08-22T13:34:55","guid":{"rendered":"http:\/\/wordpress-gfp-relaunch.p703510.webspaceconfig.de\/contacto\/"},"modified":"2026-03-30T10:30:33","modified_gmt":"2026-03-30T08:30:33","slug":"contacto","status":"publish","type":"page","link":"https:\/\/frupo.de\/es\/contacto\/","title":{"rendered":"Contacto"},"content":{"rendered":"<p><div class=\"fusion-fullwidth fullwidth-box fusion-builder-row-1 fusion-flex-container nonhundred-percent-fullwidth non-hundred-percent-height-scrolling\" style=\"--awb-border-radius-top-left:0px;--awb-border-radius-top-right:0px;--awb-border-radius-bottom-right:0px;--awb-border-radius-bottom-left:0px;--awb-padding-top:20px;--awb-padding-bottom:20px;--awb-flex-wrap:wrap;\" ><div class=\"fusion-builder-row fusion-row fusion-flex-align-items-flex-start fusion-flex-justify-content-center fusion-flex-content-wrap\" style=\"max-width:1248px;margin-left: calc(-4% \/ 2 );margin-right: calc(-4% \/ 2 );\"><div class=\"fusion-layout-column fusion_builder_column fusion-builder-column-0 fusion_builder_column_1_1 1_1 fusion-flex-column fusion-no-small-visibility\" style=\"--awb-bg-size:cover;--awb-width-large:100%;--awb-margin-top-large:0px;--awb-spacing-right-large:1.92%;--awb-margin-bottom-large:0px;--awb-spacing-left-large:1.92%;--awb-width-medium:100%;--awb-order-medium:0;--awb-spacing-right-medium:1.92%;--awb-spacing-left-medium:1.92%;--awb-width-small:100%;--awb-order-small:0;--awb-spacing-right-small:1.92%;--awb-spacing-left-small:1.92%;\"><div class=\"fusion-column-wrapper fusion-column-has-shadow fusion-flex-justify-content-flex-start fusion-content-layout-column\"><div class=\"fusion-image-element \" style=\"text-align:center;--awb-caption-title-font-family:var(--h2_typography-font-family);--awb-caption-title-font-weight:var(--h2_typography-font-weight);--awb-caption-title-font-style:var(--h2_typography-font-style);--awb-caption-title-size:var(--h2_typography-font-size);--awb-caption-title-transform:var(--h2_typography-text-transform);--awb-caption-title-line-height:var(--h2_typography-line-height);--awb-caption-title-letter-spacing:var(--h2_typography-letter-spacing);\"><span class=\" fusion-imageframe imageframe-none imageframe-1 hover-type-none\"><img decoding=\"async\" width=\"1800\" height=\"891\" title=\"GFP_Kontakt\" src=\"https:\/\/frupo.de\/wp-content\/uploads\/GFP_Kontakt.jpg\" alt class=\"img-responsive wp-image-1921\" srcset=\"https:\/\/frupo.de\/wp-content\/uploads\/GFP_Kontakt-200x99.jpg 200w, https:\/\/frupo.de\/wp-content\/uploads\/GFP_Kontakt-400x198.jpg 400w, https:\/\/frupo.de\/wp-content\/uploads\/GFP_Kontakt-600x297.jpg 600w, https:\/\/frupo.de\/wp-content\/uploads\/GFP_Kontakt-800x396.jpg 800w, https:\/\/frupo.de\/wp-content\/uploads\/GFP_Kontakt-1200x594.jpg 1200w, https:\/\/frupo.de\/wp-content\/uploads\/GFP_Kontakt.jpg 1800w\" sizes=\"(max-width: 750px) 100vw, 1200px\" \/><\/span><\/div><\/div><\/div><div class=\"fusion-layout-column fusion_builder_column fusion-builder-column-1 fusion_builder_column_1_1 1_1 fusion-flex-column fusion-no-medium-visibility fusion-no-large-visibility\" style=\"--awb-bg-size:cover;--awb-width-large:100%;--awb-margin-top-large:0px;--awb-spacing-right-large:1.92%;--awb-margin-bottom-large:0px;--awb-spacing-left-large:1.92%;--awb-width-medium:100%;--awb-order-medium:0;--awb-spacing-right-medium:1.92%;--awb-spacing-left-medium:1.92%;--awb-width-small:100%;--awb-order-small:0;--awb-spacing-right-small:1.92%;--awb-spacing-left-small:1.92%;\"><div class=\"fusion-column-wrapper fusion-column-has-shadow fusion-flex-justify-content-flex-start fusion-content-layout-column\"><div class=\"fusion-image-element \" style=\"text-align:center;--awb-caption-title-font-family:var(--h2_typography-font-family);--awb-caption-title-font-weight:var(--h2_typography-font-weight);--awb-caption-title-font-style:var(--h2_typography-font-style);--awb-caption-title-size:var(--h2_typography-font-size);--awb-caption-title-transform:var(--h2_typography-text-transform);--awb-caption-title-line-height:var(--h2_typography-line-height);--awb-caption-title-letter-spacing:var(--h2_typography-letter-spacing);\"><span class=\" fusion-imageframe imageframe-none imageframe-2 hover-type-none\"><img decoding=\"async\" width=\"2211\" height=\"1650\" alt=\"Hier sehen sie einen Experten f\u00fcr den Import von S\u00fcdfr\u00fcchten\" title=\"13_GFP_Kontakt_mobile\" src=\"https:\/\/frupo.de\/wp-content\/uploads\/13_GFP_Kontakt_mobile.webp\" class=\"img-responsive wp-image-3092\" srcset=\"https:\/\/frupo.de\/wp-content\/uploads\/13_GFP_Kontakt_mobile-200x149.webp 200w, https:\/\/frupo.de\/wp-content\/uploads\/13_GFP_Kontakt_mobile-300x224.webp 300w, https:\/\/frupo.de\/wp-content\/uploads\/13_GFP_Kontakt_mobile-400x299.webp 400w, https:\/\/frupo.de\/wp-content\/uploads\/13_GFP_Kontakt_mobile-600x448.webp 600w, https:\/\/frupo.de\/wp-content\/uploads\/13_GFP_Kontakt_mobile-768x573.webp 768w, https:\/\/frupo.de\/wp-content\/uploads\/13_GFP_Kontakt_mobile-800x597.webp 800w, https:\/\/frupo.de\/wp-content\/uploads\/13_GFP_Kontakt_mobile-1024x764.webp 1024w, https:\/\/frupo.de\/wp-content\/uploads\/13_GFP_Kontakt_mobile-1200x896.webp 1200w, https:\/\/frupo.de\/wp-content\/uploads\/13_GFP_Kontakt_mobile-1536x1146.webp 1536w, https:\/\/frupo.de\/wp-content\/uploads\/13_GFP_Kontakt_mobile.webp 2211w\" sizes=\"(max-width: 750px) 100vw, 1200px\" \/><\/span><\/div><\/div><\/div><\/div><\/div><div class=\"fusion-fullwidth fullwidth-box fusion-builder-row-2 fusion-flex-container nonhundred-percent-fullwidth non-hundred-percent-height-scrolling\" style=\"--awb-border-radius-top-left:0px;--awb-border-radius-top-right:0px;--awb-border-radius-bottom-right:0px;--awb-border-radius-bottom-left:0px;--awb-padding-top:60px;--awb-padding-right:140px;--awb-padding-bottom:95.991px;--awb-padding-left:140px;--awb-padding-right-medium:30px;--awb-padding-left-medium:30px;--awb-padding-right-small:0px;--awb-padding-left-small:0px;--awb-flex-wrap:wrap;\" ><div class=\"fusion-builder-row fusion-row fusion-flex-align-items-flex-start fusion-flex-justify-content-center fusion-flex-content-wrap\" style=\"max-width:1248px;margin-left: calc(-4% \/ 2 );margin-right: calc(-4% \/ 2 );\"><div class=\"fusion-layout-column fusion_builder_column fusion-builder-column-2 fusion_builder_column_1_1 1_1 fusion-flex-column\" style=\"--awb-bg-size:cover;--awb-width-large:100%;--awb-margin-top-large:0px;--awb-spacing-right-large:1.92%;--awb-margin-bottom-large:0px;--awb-spacing-left-large:1.92%;--awb-width-medium:100%;--awb-order-medium:0;--awb-spacing-right-medium:1.92%;--awb-spacing-left-medium:1.92%;--awb-width-small:100%;--awb-order-small:0;--awb-spacing-right-small:1.92%;--awb-spacing-left-small:1.92%;\"><div class=\"fusion-column-wrapper fusion-column-has-shadow fusion-flex-justify-content-flex-start fusion-content-layout-column\"><div class=\"fusion-title title fusion-title-1 fusion-sep-none fusion-title-text fusion-title-size-two\" style=\"--awb-margin-bottom:5px;\"><h2 class=\"fusion-title-heading title-heading-left\" style=\"margin:0;text-transform:uppercase;\"><\/h2><\/div><div class=\"fusion-title title fusion-title-2 fusion-sep-none fusion-title-text fusion-title-size-one\" style=\"--awb-margin-top:0px;--awb-margin-bottom:30px;\"><h1 class=\"fusion-title-heading title-heading-left\" style=\"margin:0;\">\u00bfInteresado en nuestros productos?<\/h1><\/div><div class=\"fusion-text fusion-text-1\" style=\"--awb-text-transform:none;--awb-margin-left:100px;\"><p>Nuestra oficina est\u00e1 en Buxtehude, desde donde abastecemos a todo el mercado europeo. <span style=\"background-color: rgba(0, 0, 0, 0);\">Un equipo de expertos experimentados y comprometidos en la importaci\u00f3n de frutas ex\u00f3ticas estar\u00e1 encantado de asesorarle.<br \/><\/span><span style=\"background-color: rgba(0, 0, 0, 0);\">No dude en ponerse en contacto con nosotros \u2013 estaremos encantados de saber de usted.<\/span><\/p>\n<p>El equipo de Global Fruit Point<\/p>\n<p><b>NOS HEMOS MUDADO:<\/b><br \/><span style=\"background-color: rgba(0, 0, 0, 0);\">Global Fruit Point GmbH<br \/><\/span><span style=\"background-color: rgba(0, 0, 0, 0);\"><b>Bahnhofstra\u00dfe 16 &#8211; 18<\/b><br \/><\/span><span style=\"background-color: rgba(0, 0, 0, 0);\">D-21614 Buxtehude<\/span><\/p>\n<p>Tel: +49-4161\u201374 888-0<br \/><span style=\"background-color: rgba(0, 0, 0, 0);\">Fax: +49-4161\u201374 888-55<\/span><\/p>\n<p><span style=\"background-color: rgba(0, 0, 0, 0);\">Email: <\/span><a href=\"mailto:info@frupo.de\" style=\"background-color: rgba(0, 0, 0, 0);\">info@frupo.de<\/a><\/p>\n<\/div><\/div><\/div><\/div><\/div><div class=\"fusion-fullwidth fullwidth-box fusion-builder-row-3 fusion-flex-container nonhundred-percent-fullwidth non-hundred-percent-height-scrolling\" style=\"--awb-border-radius-top-left:0px;--awb-border-radius-top-right:0px;--awb-border-radius-bottom-right:0px;--awb-border-radius-bottom-left:0px;--awb-padding-top:60px;--awb-padding-right:140px;--awb-padding-bottom:287px;--awb-padding-left:240px;--awb-padding-right-medium:30px;--awb-padding-left-medium:30px;--awb-padding-right-small:115px;--awb-padding-left-small:98px;--awb-flex-wrap:wrap;\" ><div class=\"fusion-builder-row fusion-row fusion-flex-align-items-flex-start fusion-flex-justify-content-center fusion-flex-content-wrap\" style=\"max-width:calc( 1200px + 20px );margin-left: calc(-20px \/ 2 );margin-right: calc(-20px \/ 2 );\"><div class=\"fusion-layout-column fusion_builder_column fusion-builder-column-3 fusion_builder_column_1_3 1_3 fusion-flex-column\" style=\"--awb-bg-size:cover;--awb-width-large:33.333333333333%;--awb-margin-top-large:0px;--awb-spacing-right-large:12px;--awb-margin-bottom-large:20px;--awb-spacing-left-large:10px;--awb-width-medium:33.333333333333%;--awb-order-medium:0;--awb-spacing-right-medium:12px;--awb-spacing-left-medium:10px;--awb-width-small:100%;--awb-order-small:0;--awb-spacing-right-small:10px;--awb-spacing-left-small:10px;\"><div class=\"fusion-column-wrapper fusion-column-has-shadow fusion-flex-justify-content-flex-start fusion-content-layout-column\"><div class=\"fusion-image-element \" style=\"--awb-caption-title-font-family:var(--h2_typography-font-family);--awb-caption-title-font-weight:var(--h2_typography-font-weight);--awb-caption-title-font-style:var(--h2_typography-font-style);--awb-caption-title-size:var(--h2_typography-font-size);--awb-caption-title-transform:var(--h2_typography-text-transform);--awb-caption-title-line-height:var(--h2_typography-line-height);--awb-caption-title-letter-spacing:var(--h2_typography-letter-spacing);\"><span class=\" fusion-imageframe imageframe-none imageframe-3 hover-type-none\"><img decoding=\"async\" width=\"1000\" height=\"1000\" alt=\"Wir sind Ihre Experten f\u00fcr den Import von S\u00fcdfr\u00fcchten \u2013 f\u00fcr den gesamten europ\u00e4ischen Markt\" title=\"GFP, Portrait, Buxtehude\" src=\"https:\/\/frupo.de\/wp-content\/uploads\/Snippet_Blog_Kontakt.jpg\" class=\"img-responsive wp-image-4328\" srcset=\"https:\/\/frupo.de\/wp-content\/uploads\/Snippet_Blog_Kontakt-200x200.jpg 200w, https:\/\/frupo.de\/wp-content\/uploads\/Snippet_Blog_Kontakt-400x400.jpg 400w, https:\/\/frupo.de\/wp-content\/uploads\/Snippet_Blog_Kontakt-600x600.jpg 600w, https:\/\/frupo.de\/wp-content\/uploads\/Snippet_Blog_Kontakt-800x800.jpg 800w, https:\/\/frupo.de\/wp-content\/uploads\/Snippet_Blog_Kontakt.jpg 1000w\" sizes=\"(max-width: 750px) 100vw, 400px\" \/><\/span><\/div><div class=\"fusion-title title fusion-title-3 fusion-sep-none fusion-title-text fusion-title-size-three\"><h3 class=\"fusion-title-heading title-heading-left\" style=\"margin:0;\"><h1 class=\"fusion-title-heading title-heading-left\">Sus expertos en la importaci\u00f3n de frutas tropicales<\/h1><\/h3><\/div><div class=\"fusion-text fusion-text-2\" style=\"--awb-text-transform:none;\"><p data-start=\"656\" data-end=\"937\">Somos Global Fruit Point: un equipo comprometido y con presencia internacional, unido por una pasi\u00f3n compartida por las frutas y verduras frescas. Eficientes, con experiencia y con el claro objetivo de ofrecer al mercado europeo fruta de la mejor calidad procedente de ultramar.<\/p>\n<p data-start=\"939\" data-end=\"1118\">Nos une la pasi\u00f3n por los productos frescos y un firme compromiso con la calidad, la equidad y la fiabilidad. Trabajamos con rapidez y orientados a las soluciones\u2026<br data-start=\"1102\" data-end=\"1105\"><a href=\"https:\/\/frupo.de\/es\/quienes-somos\/\"><em>leer m\u00e1s<\/em><\/a><\/p>\n<\/div><\/div><\/div><div class=\"fusion-layout-column fusion_builder_column fusion-builder-column-4 fusion_builder_column_1_3 1_3 fusion-flex-column\" style=\"--awb-padding-bottom:20px;--awb-bg-size:cover;--awb-width-large:33.333333333333%;--awb-margin-top-large:0px;--awb-spacing-right-large:12px;--awb-margin-bottom-large:0px;--awb-spacing-left-large:10px;--awb-width-medium:33.333333333333%;--awb-order-medium:0;--awb-spacing-right-medium:12px;--awb-spacing-left-medium:10px;--awb-width-small:100%;--awb-order-small:0;--awb-spacing-right-small:10px;--awb-spacing-left-small:10px;\"><div class=\"fusion-column-wrapper fusion-column-has-shadow fusion-flex-justify-content-flex-start fusion-content-layout-column\"><div class=\"fusion-image-element \" style=\"--awb-caption-title-font-family:var(--h2_typography-font-family);--awb-caption-title-font-weight:var(--h2_typography-font-weight);--awb-caption-title-font-style:var(--h2_typography-font-style);--awb-caption-title-size:var(--h2_typography-font-size);--awb-caption-title-transform:var(--h2_typography-text-transform);--awb-caption-title-line-height:var(--h2_typography-line-height);--awb-caption-title-letter-spacing:var(--h2_typography-letter-spacing);\"><span class=\" fusion-imageframe imageframe-none imageframe-4 hover-type-none\"><img decoding=\"async\" width=\"1000\" height=\"1000\" alt=\"Unser Angebot an importierten S\u00fcdfr\u00fcchten ist einmalig\" title=\"GFP_Angebot\" src=\"https:\/\/frupo.de\/wp-content\/uploads\/GFP_Angebot-1.jpg\" class=\"img-responsive wp-image-4321\" srcset=\"https:\/\/frupo.de\/wp-content\/uploads\/GFP_Angebot-1-200x200.jpg 200w, https:\/\/frupo.de\/wp-content\/uploads\/GFP_Angebot-1-400x400.jpg 400w, https:\/\/frupo.de\/wp-content\/uploads\/GFP_Angebot-1-600x600.jpg 600w, https:\/\/frupo.de\/wp-content\/uploads\/GFP_Angebot-1-800x800.jpg 800w, https:\/\/frupo.de\/wp-content\/uploads\/GFP_Angebot-1.jpg 1000w\" sizes=\"(max-width: 750px) 100vw, 400px\" \/><\/span><\/div><div class=\"fusion-title title fusion-title-4 fusion-sep-none fusion-title-text fusion-title-size-three\"><h3 class=\"fusion-title-heading title-heading-left\" style=\"margin:0;\"><h1 class=\"fusion-title-heading title-heading-left\">Nuestra gama de frutas y verduras de ultramar<\/h1><\/h3><\/div><div class=\"fusion-text fusion-text-3\" style=\"--awb-text-transform:none;\"><p data-start=\"689\" data-end=\"913\">En nuestra gama encontrar\u00e1 una amplia selecci\u00f3n de frutas tropicales, desde variedades cl\u00e1sicas hasta ex\u00f3ticas. Desde uvas jugosas y bayas arom\u00e1ticas hasta frutas de hueso maduradas al sol, manzanas crujientes y c\u00edtricos.<\/p>\n<p data-start=\"915\" data-end=\"1164\">Ya sean de cultivo convencional o de agricultura ecol\u00f3gica certificada, nuestro pr\u00e1ctico filtro le permite buscar espec\u00edficamente por tipo de producto, variedad, pa\u00eds de origen o m\u00e9todo de cultivo y obtener r\u00e1pidamente una visi\u00f3n general completa.<br \/><a href=\"https:\/\/frupo.de\/es\/surtido\/\">m\u00e1s informaci\u00f3n<\/a><\/p>\n<p>&nbsp;<\/p>\n<p>&nbsp;<\/p>\n<\/div><\/div><\/div><div class=\"fusion-layout-column fusion_builder_column fusion-builder-column-5 fusion_builder_column_1_3 1_3 fusion-flex-column\" style=\"--awb-padding-bottom:20px;--awb-bg-size:cover;--awb-width-large:33.333333333333%;--awb-margin-top-large:0px;--awb-spacing-right-large:10px;--awb-margin-bottom-large:0px;--awb-spacing-left-large:12px;--awb-width-medium:33.333333333333%;--awb-order-medium:0;--awb-spacing-right-medium:10px;--awb-spacing-left-medium:12px;--awb-width-small:100%;--awb-order-small:0;--awb-spacing-right-small:10px;--awb-spacing-left-small:10px;\"><div class=\"fusion-column-wrapper fusion-column-has-shadow fusion-flex-justify-content-flex-start fusion-content-layout-column\"><div class=\"fusion-image-element \" style=\"--awb-caption-title-font-family:var(--h2_typography-font-family);--awb-caption-title-font-weight:var(--h2_typography-font-weight);--awb-caption-title-font-style:var(--h2_typography-font-style);--awb-caption-title-size:var(--h2_typography-font-size);--awb-caption-title-transform:var(--h2_typography-text-transform);--awb-caption-title-line-height:var(--h2_typography-line-height);--awb-caption-title-letter-spacing:var(--h2_typography-letter-spacing);\"><span class=\" fusion-imageframe imageframe-none imageframe-5 hover-type-none\"><img decoding=\"async\" width=\"1000\" height=\"1000\" alt=\"Jobangebote bei den Experten f\u00fcr den Import von S\u00fcdfr\u00fcchten\" title=\"GFP_Jobs_Ausbildung_Teaser\" src=\"https:\/\/frupo.de\/wp-content\/uploads\/GFP_Jobs_Ausbildung_Teaser.webp\" class=\"img-responsive wp-image-3034\" srcset=\"https:\/\/frupo.de\/wp-content\/uploads\/GFP_Jobs_Ausbildung_Teaser-66x66.webp 66w, https:\/\/frupo.de\/wp-content\/uploads\/GFP_Jobs_Ausbildung_Teaser-150x150.webp 150w, https:\/\/frupo.de\/wp-content\/uploads\/GFP_Jobs_Ausbildung_Teaser-200x200.webp 200w, https:\/\/frupo.de\/wp-content\/uploads\/GFP_Jobs_Ausbildung_Teaser-300x300.webp 300w, https:\/\/frupo.de\/wp-content\/uploads\/GFP_Jobs_Ausbildung_Teaser-400x400.webp 400w, https:\/\/frupo.de\/wp-content\/uploads\/GFP_Jobs_Ausbildung_Teaser-600x600.webp 600w, https:\/\/frupo.de\/wp-content\/uploads\/GFP_Jobs_Ausbildung_Teaser-768x768.webp 768w, https:\/\/frupo.de\/wp-content\/uploads\/GFP_Jobs_Ausbildung_Teaser-800x800.webp 800w, https:\/\/frupo.de\/wp-content\/uploads\/GFP_Jobs_Ausbildung_Teaser.webp 1000w\" sizes=\"(max-width: 750px) 100vw, 400px\" \/><\/span><\/div><div class=\"fusion-title title fusion-title-5 fusion-sep-none fusion-title-text fusion-title-size-three\"><h3 class=\"fusion-title-heading title-heading-left\" style=\"margin:0;\"><h1 class=\"fusion-title-heading title-heading-left\">Formaci\u00f3n como especialista en comercio mayorista y exterior<\/h1><\/h3><\/div><div class=\"fusion-text fusion-text-4\" style=\"--awb-text-transform:none;\"><p data-start=\"617\" data-end=\"936\">\u00bfBuscas una formaci\u00f3n que te ofrezca verdaderas oportunidades de futuro? \u00bfQue te rete, te apoye y en la que puedas asumir responsabilidades r\u00e1pidamente? \u00bfY todo ello en un entorno internacional que est\u00e1 lejos de ser aburrido? \u00bfDonde la fruta no solo es saludable, sino tambi\u00e9n un producto del comercio internacional?<\/p>\n<p data-start=\"938\" data-end=\"1016\">Convi\u00e9rtete con nosotros en un experto en la importaci\u00f3n de frutas tropicales.<br \/><a href=\"https:\/\/frupo.de\/es\/empleos\/\"><em>quiero saber m\u00e1s<\/em><\/a><\/p>\n<\/div><\/div><\/div><\/div><\/div><\/p>\n","protected":false},"excerpt":{"rendered":"","protected":false},"author":2,"featured_media":3092,"parent":0,"menu_order":0,"comment_status":"closed","ping_status":"closed","template":"","meta":{"_acf_changed":false,"footnotes":""},"class_list":["post-3350","page","type-page","status-publish","has-post-thumbnail","hentry"],"acf":[],"yoast_head":"<!-- This site is optimized with the Yoast SEO plugin v27.0 - https:\/\/yoast.com\/product\/yoast-seo-wordpress\/ -->\n<title>Contacto - Global Fruit Point<\/title>\n<meta name=\"description\" content=\"\u00bfLe gustar\u00eda trabajar con expertos en la importaci\u00f3n de frutas tropicales? Nos encantar\u00e1 saber de usted.\" \/>\n<meta name=\"robots\" content=\"index, follow, max-snippet:-1, max-image-preview:large, max-video-preview:-1\" \/>\n<link rel=\"canonical\" href=\"https:\/\/frupo.de\/es\/contacto\/\" \/>\n<meta property=\"og:locale\" content=\"es_ES\" \/>\n<meta property=\"og:type\" content=\"article\" \/>\n<meta property=\"og:title\" content=\"Contacto - Global Fruit Point\" \/>\n<meta property=\"og:description\" content=\"\u00bfLe gustar\u00eda trabajar con expertos en la importaci\u00f3n de frutas tropicales? Nos encantar\u00e1 saber de usted.\" \/>\n<meta property=\"og:url\" content=\"https:\/\/frupo.de\/es\/contacto\/\" \/>\n<meta property=\"og:site_name\" content=\"Global Fruit Point\" \/>\n<meta property=\"article:modified_time\" content=\"2026-03-30T08:30:33+00:00\" \/>\n<meta property=\"og:image\" content=\"https:\/\/frupo.de\/wp-content\/uploads\/13_GFP_Kontakt_mobile.webp\" \/>\n\t<meta property=\"og:image:width\" content=\"2211\" \/>\n\t<meta property=\"og:image:height\" content=\"1650\" \/>\n\t<meta property=\"og:image:type\" content=\"image\/webp\" \/>\n<meta name=\"twitter:card\" content=\"summary_large_image\" \/>\n<meta name=\"twitter:label1\" content=\"Tiempo de lectura\" \/>\n\t<meta name=\"twitter:data1\" content=\"1 minuto\" \/>\n<script type=\"application\/ld+json\" class=\"yoast-schema-graph\">{\"@context\":\"https:\/\/schema.org\",\"@graph\":[{\"@type\":\"WebPage\",\"@id\":\"https:\/\/frupo.de\/es\/contacto\/\",\"url\":\"https:\/\/frupo.de\/es\/contacto\/\",\"name\":\"Contacto - Global Fruit Point\",\"isPartOf\":{\"@id\":\"https:\/\/frupo.de\/es\/#website\"},\"primaryImageOfPage\":{\"@id\":\"https:\/\/frupo.de\/es\/contacto\/#primaryimage\"},\"image\":{\"@id\":\"https:\/\/frupo.de\/es\/contacto\/#primaryimage\"},\"thumbnailUrl\":\"https:\/\/frupo.de\/wp-content\/uploads\/13_GFP_Kontakt_mobile.webp\",\"datePublished\":\"2022-08-22T13:34:55+00:00\",\"dateModified\":\"2026-03-30T08:30:33+00:00\",\"description\":\"\u00bfLe gustar\u00eda trabajar con expertos en la importaci\u00f3n de frutas tropicales? Nos encantar\u00e1 saber de usted.\",\"breadcrumb\":{\"@id\":\"https:\/\/frupo.de\/es\/contacto\/#breadcrumb\"},\"inLanguage\":\"es\",\"potentialAction\":[{\"@type\":\"ReadAction\",\"target\":[\"https:\/\/frupo.de\/es\/contacto\/\"]}]},{\"@type\":\"ImageObject\",\"inLanguage\":\"es\",\"@id\":\"https:\/\/frupo.de\/es\/contacto\/#primaryimage\",\"url\":\"https:\/\/frupo.de\/wp-content\/uploads\/13_GFP_Kontakt_mobile.webp\",\"contentUrl\":\"https:\/\/frupo.de\/wp-content\/uploads\/13_GFP_Kontakt_mobile.webp\",\"width\":2211,\"height\":1650,\"caption\":\"Hier sehen sie einen Experten f\u00fcr den Import von S\u00fcdfr\u00fcchten\"},{\"@type\":\"BreadcrumbList\",\"@id\":\"https:\/\/frupo.de\/es\/contacto\/#breadcrumb\",\"itemListElement\":[{\"@type\":\"ListItem\",\"position\":1,\"name\":\"Startseite\",\"item\":\"https:\/\/frupo.de\/es\/\"},{\"@type\":\"ListItem\",\"position\":2,\"name\":\"Contacto\"}]},{\"@type\":\"WebSite\",\"@id\":\"https:\/\/frupo.de\/es\/#website\",\"url\":\"https:\/\/frupo.de\/es\/\",\"name\":\"Global Fruit Point\",\"description\":\"Passion for Fruit\",\"potentialAction\":[{\"@type\":\"SearchAction\",\"target\":{\"@type\":\"EntryPoint\",\"urlTemplate\":\"https:\/\/frupo.de\/es\/?s={search_term_string}\"},\"query-input\":{\"@type\":\"PropertyValueSpecification\",\"valueRequired\":true,\"valueName\":\"search_term_string\"}}],\"inLanguage\":\"es\"}]}<\/script>\n<!-- \/ Yoast SEO plugin. -->","yoast_head_json":{"title":"Contacto - Global Fruit Point","description":"\u00bfLe gustar\u00eda trabajar con expertos en la importaci\u00f3n de frutas tropicales? Nos encantar\u00e1 saber de usted.","robots":{"index":"index","follow":"follow","max-snippet":"max-snippet:-1","max-image-preview":"max-image-preview:large","max-video-preview":"max-video-preview:-1"},"canonical":"https:\/\/frupo.de\/es\/contacto\/","og_locale":"es_ES","og_type":"article","og_title":"Contacto - Global Fruit Point","og_description":"\u00bfLe gustar\u00eda trabajar con expertos en la importaci\u00f3n de frutas tropicales? Nos encantar\u00e1 saber de usted.","og_url":"https:\/\/frupo.de\/es\/contacto\/","og_site_name":"Global Fruit Point","article_modified_time":"2026-03-30T08:30:33+00:00","og_image":[{"width":2211,"height":1650,"url":"https:\/\/frupo.de\/wp-content\/uploads\/13_GFP_Kontakt_mobile.webp","type":"image\/webp"}],"twitter_card":"summary_large_image","twitter_misc":{"Tiempo de lectura":"1 minuto"},"schema":{"@context":"https:\/\/schema.org","@graph":[{"@type":"WebPage","@id":"https:\/\/frupo.de\/es\/contacto\/","url":"https:\/\/frupo.de\/es\/contacto\/","name":"Contacto - Global Fruit Point","isPartOf":{"@id":"https:\/\/frupo.de\/es\/#website"},"primaryImageOfPage":{"@id":"https:\/\/frupo.de\/es\/contacto\/#primaryimage"},"image":{"@id":"https:\/\/frupo.de\/es\/contacto\/#primaryimage"},"thumbnailUrl":"https:\/\/frupo.de\/wp-content\/uploads\/13_GFP_Kontakt_mobile.webp","datePublished":"2022-08-22T13:34:55+00:00","dateModified":"2026-03-30T08:30:33+00:00","description":"\u00bfLe gustar\u00eda trabajar con expertos en la importaci\u00f3n de frutas tropicales? Nos encantar\u00e1 saber de usted.","breadcrumb":{"@id":"https:\/\/frupo.de\/es\/contacto\/#breadcrumb"},"inLanguage":"es","potentialAction":[{"@type":"ReadAction","target":["https:\/\/frupo.de\/es\/contacto\/"]}]},{"@type":"ImageObject","inLanguage":"es","@id":"https:\/\/frupo.de\/es\/contacto\/#primaryimage","url":"https:\/\/frupo.de\/wp-content\/uploads\/13_GFP_Kontakt_mobile.webp","contentUrl":"https:\/\/frupo.de\/wp-content\/uploads\/13_GFP_Kontakt_mobile.webp","width":2211,"height":1650,"caption":"Hier sehen sie einen Experten f\u00fcr den Import von S\u00fcdfr\u00fcchten"},{"@type":"BreadcrumbList","@id":"https:\/\/frupo.de\/es\/contacto\/#breadcrumb","itemListElement":[{"@type":"ListItem","position":1,"name":"Startseite","item":"https:\/\/frupo.de\/es\/"},{"@type":"ListItem","position":2,"name":"Contacto"}]},{"@type":"WebSite","@id":"https:\/\/frupo.de\/es\/#website","url":"https:\/\/frupo.de\/es\/","name":"Global Fruit Point","description":"Passion for Fruit","potentialAction":[{"@type":"SearchAction","target":{"@type":"EntryPoint","urlTemplate":"https:\/\/frupo.de\/es\/?s={search_term_string}"},"query-input":{"@type":"PropertyValueSpecification","valueRequired":true,"valueName":"search_term_string"}}],"inLanguage":"es"}]}},"_links":{"self":[{"href":"https:\/\/frupo.de\/es\/wp-json\/wp\/v2\/pages\/3350","targetHints":{"allow":["GET"]}}],"collection":[{"href":"https:\/\/frupo.de\/es\/wp-json\/wp\/v2\/pages"}],"about":[{"href":"https:\/\/frupo.de\/es\/wp-json\/wp\/v2\/types\/page"}],"author":[{"embeddable":true,"href":"https:\/\/frupo.de\/es\/wp-json\/wp\/v2\/users\/2"}],"replies":[{"embeddable":true,"href":"https:\/\/frupo.de\/es\/wp-json\/wp\/v2\/comments?post=3350"}],"version-history":[{"count":8,"href":"https:\/\/frupo.de\/es\/wp-json\/wp\/v2\/pages\/3350\/revisions"}],"predecessor-version":[{"id":4434,"href":"https:\/\/frupo.de\/es\/wp-json\/wp\/v2\/pages\/3350\/revisions\/4434"}],"wp:featuredmedia":[{"embeddable":true,"href":"https:\/\/frupo.de\/es\/wp-json\/wp\/v2\/media\/3092"}],"wp:attachment":[{"href":"https:\/\/frupo.de\/es\/wp-json\/wp\/v2\/media?parent=3350"}],"curies":[{"name":"wp","href":"https:\/\/api.w.org\/{rel}","templated":true}]}}